{"id":4179,"date":"2020-12-16T21:35:27","date_gmt":"2020-12-16T19:35:27","guid":{"rendered":"https:\/\/adeslaenud.ee\/internet-kaupluse-kasutustingimused\/"},"modified":"2021-01-11T21:08:07","modified_gmt":"2021-01-11T19:08:07","slug":"internet-kaupluse-kasutustingimused","status":"publish","type":"page","link":"https:\/\/adeslaenud.ee\/et\/internet-kaupluse-kasutustingimused\/","title":{"rendered":"INTERNET-KAUPLUSE KASUTUSTINGIMUSED"},"content":{"rendered":"\t\t<div data-elementor-type=\"wp-page\" data-elementor-id=\"4179\" class=\"elementor elementor-4179 elementor-2812\" data-elementor-post-type=\"page\">\n\t\t\t\t\t\t<section class=\"elementor-section elementor-top-section elementor-element elementor-element-f543a48 elementor-section-boxed elementor-section-height-default elementor-section-height-default\" data-id=\"f543a48\" data-element_type=\"section\" data-e-type=\"section\">\n\t\t\t\t\t\t<div class=\"elementor-container elementor-column-gap-default\">\n\t\t\t\t\t<div class=\"elementor-column elementor-col-100 elementor-top-column elementor-element elementor-element-642d6c6\" data-id=\"642d6c6\" data-element_type=\"column\" data-e-type=\"column\">\n\t\t\t<div class=\"elementor-widget-wrap elementor-element-populated\">\n\t\t\t\t\t\t<div class=\"elementor-element elementor-element-2eb43b7 elementor-widget elementor-widget-text-editor\" data-id=\"2eb43b7\" data-element_type=\"widget\" data-e-type=\"widget\" data-widget_type=\"text-editor.default\">\n\t\t\t\t<div class=\"elementor-widget-container\">\n\t\t\t\t\t\t\t\t\t<p><strong>INTERNET-KAUPLUSE KASUTUSTINGIMUSED\u00a0<\/strong><\/p>\n<p>Internet-kaupluse ADES LAENUD O\u00dc \u00fcldtingimused, asukoht Harjumaa, Tallinna linn, Laagna tee 80, 13816, reg.nr. 12623574, laienevad k\u00f5ikidele isikutele (eraisik, ettev\u00f5te, f\u00fc\u00fcsilisest isikust ettev\u00f5tja), kes kasutavad internet-kauplust, ostavad sellest kaupu ja s\u00f5lmivad kauba m\u00fc\u00fcgilepingu.<\/p>\n<p>Internet-kauplus osutab teenuseid Eesti Vabariigi territooriumil. Kokkuleppel v\u00f5ib internet-kauplus m\u00fc\u00fca kaupu ka v\u00e4ljaspool Eesti Vabariiki. Sellisel juhul selgitatakse kauba veohind v\u00e4lja poolte l\u00e4bir\u00e4\u00e4kimiste k\u00e4igus.<\/p>\n<p>Kauba hind ja k\u00e4ttesaadavus v\u00f5ivad jooksvas korras ja ette hoiatamata muutuda. Kui ostja vormistas tellimuse enne hinna muutust, rakendatakse tellimuse vormistamisel kehtivat hinda.<\/p>\n<p>Firmal Ades Laenud on \u00f5igus taganeda internet-kaupluses s\u00f5lmitud lepingust ja tellitud kaupa mitte \u00fcle anda v\u00f5i j\u00e4tta teenus osautamata j\u00e4rgmistel juhtudel:<\/p>\n<p>kaup on laos otsas;<\/p>\n<p>kauba hind v\u00f5i omadused on internet-kaupluses valesti kajastatud s\u00fcsteemis olnud vea t\u00f5ttu;<\/p>\n<p>ostja asub v\u00e4ljaspool Eestit ja poolte vahel puudub kokkulepe kauba kohaletoimetamiseks v\u00e4ljaspoole Eesti Vabriiki;<\/p>\n<p>kui ostja tegevus ei vasta Ades Laenud O\u00dc tingimuste s\u00e4tetele.<\/p>\n<p>Kui firmal Ades Laenud ei ole v\u00f5imalust tellimust t\u00e4ita, v\u00f5etakse ostjaga \u00fchendust ja tagastatakse talle tasutud summa juhul, kui ostja j\u00f5udis kauba eest teha ettemakse. Lepingust taganemise korral \u00fclalm\u00e4rgitud juhtudel ei ole ostjal \u00f5igust kasutada muid \u00f5iguskaitsevahendeid, kui ettemaksu tagastamise n\u00f5uet.<\/p>\n<p>Ostukorvi lehek\u00fcljel v\u00f5ite soovi korral muuta ostukorvi sisu, s.t. eemaldada tellimus ostukorvist. Peale seda, kui olete sisestanud kohaletoimetamise aadressi ja kinnitanud tellimuse, ei saa ostukorvi sisu muuta ja ostukorvis olevad tooted eemaldatakse. Kui ostja katkestab tellimuse vormistamise peale tellimuse sisestamist, tuleb kaubad ostukorvi valida uuesti. Kui tellimus ja kontaktandmed on vormistatud korrektselt, v\u00f5ib alustada maksmist.<\/p>\n<p>Internet-kaupluses tellitud kaupade eest v\u00f5ib tasuda pangalingi kaudu.<\/p>\n<p>Kaupade eest tasumise j\u00e4rgselt tuleb lahkuda internet-kaupluse lehek\u00fcljelt, vajutades klahvi &#8220;Tagasi kaupmehe juurde&#8221;. Selle j\u00e4rgselt ilmub ekraanile tellimuse kinnitus.<\/p>\n<p>Internet-kaupluses vormistatud tellimused vaadatakse l\u00e4bi hiljemalt j\u00e4rgmise t\u00f6\u00f6p\u00e4eva jooksul, mille j\u00e4rgselt antakse ostjale tagasisidet.<\/p>\n<p>Kaup toimetatakse kohale tellimuses m\u00e4rgitud aadressil.<\/p>\n<p>Ades Laenud annab kauba \u00fcle eranditult vaid ostjale. Kaup edastatakse kolmandatele isikutele volikirja olemasolul, muuhulgas juhul, kui ostja m\u00e4rkis tellimuses kauba ostjana kolmanda isiku.<\/p>\n<p>Ades Laenud v\u00f5ib delegeerida kauba kohaletoimetamise \u00f5iguse kolmandatele isikutele, muuhulgas kasutada kullerteenust, sealhulgas Eesti Posti teenust jne.<\/p>\n<p>Enne kauba ostmist v\u00f5ite seda hoolikalt kontrollida. Kui esemel on tehniline viga v\u00f5i kui see ei vasta muule varem kirjeldatud kvaliteedile, tagastame teile kulutatud raha. J\u00e4rgnevaid kaebuseid vaadatakse l\u00e4bi hiljemalt\u00a0 24 tunni jooksul ostmise hetkest arvates.<\/p>\n<p><strong>M\u00dc\u00dcGILEPINGUST TAGANEMINE JA KAUPADE TAGASTAMINE\u00a0<\/strong><\/p>\n<p>Tarbija v\u00f5ib taganeda m\u00fc\u00fcgilepingust 14 (neljateistk\u00fcmne) p\u00e4eva jooksul kauba kohaletoimetamise p\u00e4evast arvates. Soetatud kaup ei kuulu tagastamisele, kui see on valmistatud tarbija isiklikke vajadusi arvestades v\u00f5i vastavuses tarbija poolt esitatud tingimustele. Tagastamisele ei kuulu audio- ja videosalvestused, m\u00e4ngud v\u00f5i arvuti tarkvara, mille pakend on avatud. Kui kaup oli soetatud uuena, peab tagastatav kaup olema avamata originaalpakendis. Kasutatud kauba tagastamisel peab kaup olema samas seisukorras ja samas avamata pakendis, milles see toimetati\u00a0 ostjale.<\/p>\n<p>Kui kaup on soetatud kampaania raames ja kaubale oli lisatud veel mingisugune toode, peab ostja tagastama kogu komplekti.<\/p>\n<p>M\u00fc\u00fcgilepingust taganemise korral tuleb saata vastavasisuline avaldus e-posti aadressil info@adeslaenud.ee<\/p>\n<p>M\u00fc\u00fcgilepingust taganemise avalduses peab olema m\u00e4rgitud j\u00e4rgmine teave: tagastatav kaup, tellimuse number ja arveldusarve number, millele peab tagastama raha. Kauba eest tasutud summa (m\u00f5istes v\u00e4lja kauba kohaletoimetamise kulud) tagastatakse tarbija arveldusarvele hiljemalt 30 (kolmek\u00fcmne) p\u00e4eva jooksul peale seda, kui m\u00fc\u00fcja on saanud lepingust taganemise teate.<\/p>\n<p>Kui m\u00fc\u00fcja poolt korraldatud kauba kontrolli tulemusel, peale kauba tagastamist selgub, et tagastamisele kuuluva kauba kvaliteet on halvenenud, tuleb ostjal h\u00fcvitada kauba alandamise hind. Vastavasisulise n\u00f5ude v\u00f5ib m\u00fc\u00fcja esitada \u00fche kuu jooksul peale kauba tagastamist. Ostja on kohustatud h\u00fcvitama kauba hinna juhul, kui kaup on ostja poolt t\u00f6\u00f6deldud, kahjustatud v\u00f5i kolmanda poole \u00f5igustega koormatud jm.<\/p>\n<p><strong>VASTUTUS JA VAIDLUSTE LAHENDAMINE\u00a0<\/strong><\/p>\n<p>Ostja k\u00f5iki isikuandmeid, mis said teatavaks internet-kaupluse k\u00fclastamisel ja ostude sooritamisel, vaadeldakse konfidentsiaalse infona.<\/p>\n<p>Juhul, kui kaup ei vasta lepingu tingimustele, ei vasta toodud n\u00e4idisele v\u00f5i omab defekte, on tarbijal \u00f5igus esitada kaebus ja kaup tagastada. Kasutatud kauba m\u00fc\u00fcgi korral ei loeta defektiks kauba amortiseerumist m\u00f5istlikes piirides, samuti kauba omadusi, mis ei takista selle kasutamist\u00a0 vastavalt etten\u00e4htule.<\/p>\n<p>M\u00fc\u00fcja ei vastuta nende kauba puuduste eest, mis on tekkinud kauba mitte eesm\u00e4rgikohasel kasutamisel, hooldamisel v\u00f5i kauba vigastamisel.<\/p>\n<p>Internet-kauplus ei vastuta lepingu osalise v\u00f5i t\u00e4ieliku t\u00e4itmataj\u00e4tmise eest, kui selle p\u00f5hjuseks olid v\u00e4\u00e4ramatu j\u00f5u asjaolud.<\/p>\n<p>Internet-kauplus ei vastuta ostjale tekitatud kaudsete kahjude eest ning ostjale makstav h\u00fcvitissumma ei v\u00f5i mingil juhul \u00fcletada kauba eest tasutud summat.<\/p>\n<p>Vastuolude korral tingimuste s\u00e4tete ja m\u00fc\u00fcgilepingu vahel, prioriteetide m\u00e4\u00e4ramisel l\u00e4htutakse m\u00fc\u00fcgilepingust, seej\u00e4rel juba tingimustest.<\/p>\n<p>Tingimustega reguleerimata k\u00fcsimustes l\u00e4htuvad pooled V\u00f5la\u00f5igusseadusest ja Tarbijakaitse seadusest.<\/p>\n<p>Kui m\u00fc\u00fcja v\u00f5i tootja on kaubale kehtestanud garantii, fikseeritakse vastavad tingimused kirjalikus vormis.<\/p>\n<p>Info tellimuse kohta v\u00f5ib esitada e-posti aadressil: info@adeslaenud.ee<\/p>\n<p>K\u00f5ik poolte vahel tekkinud erimeelsused lahendatakse koosk\u00f5las esitatud kaebusega. Juhul kui pooli rahuldavat lahendust ei \u00f5nnestu saavutada, vaatab konflikti l\u00e4bi kostja elukoha v\u00f5i asukoha j\u00e4rgne kohus. Vaidlusk\u00fcsimuste lahendamiseks esitavad pooled vajaliku info kirjalikus vormis.<\/p>\n<p>&nbsp;<\/p>\n\t\t\t\t\t\t\t\t<\/div>\n\t\t\t\t<\/div>\n\t\t\t\t\t<\/div>\n\t\t<\/div>\n\t\t\t\t\t<\/div>\n\t\t<\/section>\n\t\t\t\t<\/div>\n\t\t","protected":false},"excerpt":{"rendered":"<p>INTERNET-KAUPLUSE KASUTUSTINGIMUSED\u00a0 Internet-kaupluse ADES LAENUD O\u00dc \u00fcldtingimused, asukoht Harjumaa, Tallinna linn, Laagna tee 80, 13816, reg.nr. 12623574, laienevad k\u00f5ikidele isikutele (eraisik, ettev\u00f5te, f\u00fc\u00fcsilisest isikust ettev\u00f5tja), kes kasutavad internet-kauplust, ostavad sellest kaupu ja s\u00f5lmivad kauba m\u00fc\u00fcgilepingu. Internet-kauplus osutab teenuseid Eesti Vabariigi territooriumil. Kokkuleppel v\u00f5ib internet-kauplus m\u00fc\u00fca kaupu ka v\u00e4ljaspool Eesti Vabariiki. Sellisel juhul selgitatakse kauba veohind&hellip;<\/p>\n","protected":false},"author":2,"featured_media":0,"parent":0,"menu_order":0,"comment_status":"closed","ping_status":"closed","template":"","meta":{"footnotes":""},"class_list":["post-4179","page","type-page","status-publish","hentry"],"_links":{"self":[{"href":"https:\/\/adeslaenud.ee\/et\/wp-json\/wp\/v2\/pages\/4179","targetHints":{"allow":["GET"]}}],"collection":[{"href":"https:\/\/adeslaenud.ee\/et\/wp-json\/wp\/v2\/pages"}],"about":[{"href":"https:\/\/adeslaenud.ee\/et\/wp-json\/wp\/v2\/types\/page"}],"author":[{"embeddable":true,"href":"https:\/\/adeslaenud.ee\/et\/wp-json\/wp\/v2\/users\/2"}],"replies":[{"embeddable":true,"href":"https:\/\/adeslaenud.ee\/et\/wp-json\/wp\/v2\/comments?post=4179"}],"version-history":[{"count":5,"href":"https:\/\/adeslaenud.ee\/et\/wp-json\/wp\/v2\/pages\/4179\/revisions"}],"predecessor-version":[{"id":4266,"href":"https:\/\/adeslaenud.ee\/et\/wp-json\/wp\/v2\/pages\/4179\/revisions\/4266"}],"wp:attachment":[{"href":"https:\/\/adeslaenud.ee\/et\/wp-json\/wp\/v2\/media?parent=4179"}],"curies":[{"name":"wp","href":"https:\/\/api.w.org\/{rel}","templated":true}]}}