{"id":4253,"date":"2021-01-11T19:38:02","date_gmt":"2021-01-11T17:38:02","guid":{"rendered":"https:\/\/adeslaenud.ee\/laen-kinnisvara-tagatisel\/"},"modified":"2025-08-13T23:27:45","modified_gmt":"2025-08-13T20:27:45","slug":"laen-kinnisvara-tagatisel","status":"publish","type":"page","link":"https:\/\/adeslaenud.ee\/et\/laen-kinnisvara-tagatisel\/","title":{"rendered":"Laen kinnisvara tagatisel"},"content":{"rendered":"\t\t<div data-elementor-type=\"wp-page\" data-elementor-id=\"4253\" class=\"elementor elementor-4253 elementor-2775\" data-elementor-post-type=\"page\">\n\t\t\t\t\t\t<section class=\"elementor-section elementor-top-section elementor-element elementor-element-be467bd elementor-section-boxed elementor-section-height-default elementor-section-height-default\" data-id=\"be467bd\" data-element_type=\"section\" data-e-type=\"section\">\n\t\t\t\t\t\t<div class=\"elementor-container elementor-column-gap-default\">\n\t\t\t\t\t<div class=\"elementor-column elementor-col-100 elementor-top-column elementor-element elementor-element-7c667d2\" data-id=\"7c667d2\" data-element_type=\"column\" data-e-type=\"column\">\n\t\t\t<div class=\"elementor-widget-wrap elementor-element-populated\">\n\t\t\t\t\t\t<div class=\"elementor-element elementor-element-34693fe elementor-widget elementor-widget-image\" data-id=\"34693fe\" data-element_type=\"widget\" data-e-type=\"widget\" data-widget_type=\"image.default\">\n\t\t\t\t<div class=\"elementor-widget-container\">\n\t\t\t\t\t\t\t\t\t\t\t\t\t\t\t<img fetchpriority=\"high\" decoding=\"async\" width=\"768\" height=\"614\" src=\"https:\/\/adeslaenud.ee\/wp-content\/uploads\/2020\/11\/real_estate_isometric_illustration-04-1-768x614.jpg\" class=\"attachment-medium_large size-medium_large wp-image-2734\" alt=\"\u0417\u0430\u0451\u043c, \u043f\u043e\u0434 \u0437\u0430\u043b\u043e\u0433 \u043d\u0435\u0434\u0432\u0438\u0436\u0438\u043c\u043e\u0441\u0442\u0438, adeslaenud\" srcset=\"https:\/\/adeslaenud.ee\/wp-content\/uploads\/2020\/11\/real_estate_isometric_illustration-04-1-768x614.jpg 768w, https:\/\/adeslaenud.ee\/wp-content\/uploads\/2020\/11\/real_estate_isometric_illustration-04-1-300x240.jpg 300w, https:\/\/adeslaenud.ee\/wp-content\/uploads\/2020\/11\/real_estate_isometric_illustration-04-1-1024x819.jpg 1024w, https:\/\/adeslaenud.ee\/wp-content\/uploads\/2020\/11\/real_estate_isometric_illustration-04-1-1536x1229.jpg 1536w, https:\/\/adeslaenud.ee\/wp-content\/uploads\/2020\/11\/real_estate_isometric_illustration-04-1-600x480.jpg 600w, https:\/\/adeslaenud.ee\/wp-content\/uploads\/2020\/11\/real_estate_isometric_illustration-04-1.jpg 2000w\" sizes=\"(max-width: 768px) 100vw, 768px\" \/>\t\t\t\t\t\t\t\t\t\t\t\t\t\t\t<\/div>\n\t\t\t\t<\/div>\n\t\t\t\t\t<\/div>\n\t\t<\/div>\n\t\t\t\t\t<\/div>\n\t\t<\/section>\n\t\t\t\t<section class=\"elementor-section elementor-top-section elementor-element elementor-element-05bb125 elementor-section-boxed elementor-section-height-default elementor-section-height-default\" data-id=\"05bb125\" data-element_type=\"section\" data-e-type=\"section\">\n\t\t\t\t\t\t<div class=\"elementor-container elementor-column-gap-default\">\n\t\t\t\t\t<div class=\"elementor-column elementor-col-100 elementor-top-column elementor-element elementor-element-11b0f4a\" data-id=\"11b0f4a\" data-element_type=\"column\" data-e-type=\"column\">\n\t\t\t<div class=\"elementor-widget-wrap elementor-element-populated\">\n\t\t\t\t\t\t<div class=\"elementor-element elementor-element-582bb09 elementor-widget elementor-widget-text-editor\" data-id=\"582bb09\" data-element_type=\"widget\" data-e-type=\"widget\" data-widget_type=\"text-editor.default\">\n\t\t\t\t<div class=\"elementor-widget-container\">\n\t\t\t\t\t\t\t\t\t<p class=\"p1\"><b>AdesLaenud<\/b> pakub eralaene kinnisvara tagatisel nii era- kui ka juriidilistele isikutele. Tagatiseks v\u00f5ib olla korter, maja, suvila, maat\u00fckk, garaa\u017e v\u00f5i parkimiskoht.<\/p>\r\n<p class=\"p1\">\u2e3b<\/p>\r\n<p class=\"p1\"><b>Meie pakume:<\/b><b><\/b><\/p>\r\n<p class=\"p1\">\u2022 Laenud kinnisvara tagatisel, mis kuulub <b>laenutaotleja isiklikku omandisse<\/b><b><\/b><\/p>\r\n<p class=\"p1\">\u2022 <b>Ilma sissetuleku kontrollita<\/b> \u2014 otsus tehakse ainult tagatisvara alusel<\/p>\r\n<p class=\"p1\">\u2022 <b>Tasuta kohapealne kinnisvara hindamine<\/b><b><\/b><\/p>\r\n<p class=\"p1\">\u2022 <b>Kiire taotluse menetlus<\/b><b><\/b><\/p>\r\n<p class=\"p1\">\u2022 Raha v\u00e4ljastatakse <b>\u00fcksk\u00f5ik millisel eesm\u00e4rgil<\/b><b><\/b><\/p>\r\n<p class=\"p1\">\u2e3b<\/p>\r\n<p class=\"p1\"><b>Tingimused:<\/b><b><\/b><\/p>\r\n<p class=\"p1\">\u2022 Kinnisvara peab olema <b>laenutaotleja omandis<\/b> ja <b>vaba igasugustest koormistest<\/b> (sealhulgas h\u00fcpoteekidest)<\/p>\r\n<p class=\"p1\">\u2022 <b>Me ei t\u00f6\u00f6tle objektidega, millel on kehtiv h\u00fcpoteek<\/b><b><\/b><\/p>\r\n<p class=\"p1\">\u2022 Laenuperioodiks <b>vormistatakse kinnisvara ajutiselt meie ettev\u00f5tte nimele<\/b> notariaalse ostu-m\u00fc\u00fcgilepinguga, mis sisaldab <b>tagasiostu \u00f5igust<\/b><b><\/b><\/p>\r\n<p class=\"p1\">\u2022 Laenusumma, t\u00e4htaeg ja intressim\u00e4\u00e4r <b>lepitakse kokku individuaalselt poolte vahel<\/b><b><\/b><\/p>\r\n<p class=\"p1\">\u2e3b<\/p>\r\n<p class=\"p1\"><b>Tagatis:<\/b><b><\/b><\/p>\r\n<p class=\"p1\">\u2022 Tagatiseks aktsepteeritakse kinnisvara, mis asub <b>Tallinnas ja Harjumaa piires<\/b><b><\/b><\/p>\r\n<p class=\"p1\">\u2022 <b>V\u00e4ljaspool Harjumaad<\/b> asuva kinnisvara osas otsustatakse <b>juhtumip\u00f5hiselt<\/b><b><\/b><\/p>\r\n<p class=\"p1\">\u2e3b<\/p>\r\n<p class=\"p1\"><b>Laenuperiood:<\/b><b><\/b><\/p>\r\n<p class=\"p1\">\u2022 Laenu t\u00e4htaeg m\u00e4\u00e4ratakse <b>kokkuleppel<\/b>, vastavalt kliendi olukorrale ja vajadustele<\/p>\r\n<p class=\"p1\">\u2022 V\u00f5imalik on <b>p\u00f5hiosa maksepuhkus<\/b><b><\/b><\/p>\r\n<p class=\"p1\">\u2e3b<\/p>\r\n<p class=\"p1\"><b>Tagastamine ja tagasiost:<\/b><b><\/b><\/p>\r\n<p class=\"p1\">\u2022 <b>Intressim\u00e4\u00e4r on fikseeritud<\/b> ja m\u00e4rgitakse lepingusse \u2014 see ei muutu kogu laenuperioodi jooksul<\/p>\r\n<p class=\"p1\">\u2022 <b>Laenuperioodi saab l\u00fchendada<\/b>: kliendil on \u00f5igus kinnisvara tagasi osta igal ajal, kui laenusumma ja lepingus kokkulepitud intress on t\u00e4ielikult tasutud<\/p>\r\n<p class=\"p1\">\u2022 <b>Intressisumma j\u00e4\u00e4b muutumatuks<\/b>, s\u00f5ltumata sellest, kui vara laen tagastatakse, kuid selle saab tasuda ennet\u00e4htaegselt ning l\u00f5petada leping enne t\u00e4htaega<\/p>\r\n<p class=\"p1\">\u2022 See annab kliendile <b>paindlikkuse<\/b> \u2014 n\u00e4iteks vara m\u00fc\u00fcmise v\u00f5i ootamatu raha laekumise korral<\/p>\r\n<p class=\"p1\">\u2e3b<\/p>\r\n<p class=\"p1\"><b>Lepingu s\u00f5lmimise kulud:<\/b><b><\/b><\/p>\r\n<p class=\"p1\">\u2022 Eraldi tasutakse <b>notari teenused<\/b> ja <b>riigil\u00f5iv<\/b> kinnisvara omandi\u00f5iguse registreerimiseks<\/p>\r\n<p class=\"p1\">\u2e3b<\/p>\r\n<p class=\"p1\"><b>Konsultatsiooniks ja taotluse esitamiseks:<\/b><b><\/b><\/p>\r\n<p class=\"p1\">\ud83d\udcde +372 <span class=\"s1\">5294017<\/span><\/p>\r\n<p class=\"p3\"><span class=\"s2\">\ud83d\udce9 <\/span>info@adeslaenud.ee<\/p>\t\t\t\t\t\t\t\t<\/div>\n\t\t\t\t<\/div>\n\t\t\t\t\t<\/div>\n\t\t<\/div>\n\t\t\t\t\t<\/div>\n\t\t<\/section>\n\t\t\t\t<\/div>\n\t\t","protected":false},"excerpt":{"rendered":"<p>AdesLaenud pakub eralaene kinnisvara tagatisel nii era- kui ka juriidilistele isikutele. Tagatiseks v\u00f5ib olla korter, maja, suvila, maat\u00fckk, garaa\u017e v\u00f5i parkimiskoht. \u2e3b Meie pakume: \u2022 Laenud kinnisvara tagatisel, mis kuulub laenutaotleja isiklikku omandisse \u2022 Ilma sissetuleku kontrollita \u2014 otsus tehakse ainult tagatisvara alusel \u2022 Tasuta kohapealne kinnisvara hindamine \u2022 Kiire taotluse menetlus \u2022 Raha v\u00e4ljastatakse&hellip;<\/p>\n","protected":false},"author":1,"featured_media":0,"parent":0,"menu_order":0,"comment_status":"closed","ping_status":"closed","template":"","meta":{"footnotes":""},"class_list":["post-4253","page","type-page","status-publish","hentry"],"_links":{"self":[{"href":"https:\/\/adeslaenud.ee\/et\/wp-json\/wp\/v2\/pages\/4253","targetHints":{"allow":["GET"]}}],"collection":[{"href":"https:\/\/adeslaenud.ee\/et\/wp-json\/wp\/v2\/pages"}],"about":[{"href":"https:\/\/adeslaenud.ee\/et\/wp-json\/wp\/v2\/types\/page"}],"author":[{"embeddable":true,"href":"https:\/\/adeslaenud.ee\/et\/wp-json\/wp\/v2\/users\/1"}],"replies":[{"embeddable":true,"href":"https:\/\/adeslaenud.ee\/et\/wp-json\/wp\/v2\/comments?post=4253"}],"version-history":[{"count":7,"href":"https:\/\/adeslaenud.ee\/et\/wp-json\/wp\/v2\/pages\/4253\/revisions"}],"predecessor-version":[{"id":12343,"href":"https:\/\/adeslaenud.ee\/et\/wp-json\/wp\/v2\/pages\/4253\/revisions\/12343"}],"wp:attachment":[{"href":"https:\/\/adeslaenud.ee\/et\/wp-json\/wp\/v2\/media?parent=4253"}],"curies":[{"name":"wp","href":"https:\/\/api.w.org\/{rel}","templated":true}]}}