{"id":4269,"date":"2021-01-11T21:10:36","date_gmt":"2021-01-11T19:10:36","guid":{"rendered":"https:\/\/adeslaenud.ee\/isikuandmete-tootlemise-pohimotted\/"},"modified":"2021-01-11T21:35:54","modified_gmt":"2021-01-11T19:35:54","slug":"isikuandmete-tootlemise-pohimotted","status":"publish","type":"page","link":"https:\/\/adeslaenud.ee\/et\/isikuandmete-tootlemise-pohimotted\/","title":{"rendered":"Isikuandmete t\u00f6\u00f6tlemise p\u00f5him\u00f5tted"},"content":{"rendered":"\t\t<div data-elementor-type=\"wp-page\" data-elementor-id=\"4269\" class=\"elementor elementor-4269 elementor-3\" data-elementor-post-type=\"page\">\n\t\t\t\t\t\t<section class=\"elementor-section elementor-top-section elementor-element elementor-element-264c5cdf elementor-section-boxed elementor-section-height-default elementor-section-height-default\" data-id=\"264c5cdf\" data-element_type=\"section\" data-e-type=\"section\">\n\t\t\t\t\t\t<div class=\"elementor-container elementor-column-gap-default\">\n\t\t\t\t\t<div class=\"elementor-column elementor-col-100 elementor-top-column elementor-element elementor-element-58a0dc3\" data-id=\"58a0dc3\" data-element_type=\"column\" data-e-type=\"column\">\n\t\t\t<div class=\"elementor-widget-wrap elementor-element-populated\">\n\t\t\t\t\t\t<div class=\"elementor-element elementor-element-130aec80 elementor-widget elementor-widget-text-editor\" data-id=\"130aec80\" data-element_type=\"widget\" data-e-type=\"widget\" data-widget_type=\"text-editor.default\">\n\t\t\t\t<div class=\"elementor-widget-container\">\n\t\t\t\t\t\t\t\t\t<h4>Isikuandmete t\u00f6\u00f6tlemine<\/h4>\n<ul>\n<li>K\u00f5ik klientide isiklikud andmed sisestatakse s\u00fcsteemi ainu\u00fcksi nende endi n\u00f5usolekul ja kui nad ise need andmed meile esitavad. Me ei kogu klientide kohta mingeid lisaandmeid kolmandatest allikatest.<\/li>\n<li>Meie arhiiv, kus me klientide andmeid s\u00e4ilitame, on h\u00e4sti turvatud.<\/li>\n<li>Me kasutame klientide isikuandmete kaitsmiseks t\u00e4nap\u00e4evaseid lahendusi ning hoolitseme selle eest, et tarkvara oleks \u00f5igeaegselt uuendatud ning seadmed ajakohastatud.<\/li>\n<li>Me ei ole kunagi kolmandatele isikutele kliendiandmeid edastanud ega hakka edastama, v\u00e4lja arvatud andmed, mis on vajalikud tellimuse eest tasumiseks, tellimuse t\u00f6\u00f6tlemiseks ja kohaletoimetamiseks.<\/li>\n<li>Me kasutame k\u00fcpsiseid (v\u00e4ikesemahulisi tekstifaile, mis salvestatakse Teie seadmesse ning mis aitavad pakkuda internetilehek\u00fclje parimat funktsionaalsust).<\/li>\n<li>Kliendil on \u00f5igus esitada kaebus Eesti Andmekaitsele, kui ta leiab, et tema isikuandmeid t\u00f6\u00f6deldakse ebakorrektselt.<\/li>\n<\/ul>\n<p>K\u00f5ik \u00fclaltoodu on vaid informatsioon selle kohta, kuidas me tegutseme ja klientide isikuandmeid t\u00f6\u00f6tleme, ning see ei ole juriidilise lepingu osa.<\/p>\n\t\t\t\t\t\t\t\t<\/div>\n\t\t\t\t<\/div>\n\t\t\t\t\t<\/div>\n\t\t<\/div>\n\t\t\t\t\t<\/div>\n\t\t<\/section>\n\t\t\t\t<\/div>\n\t\t","protected":false},"excerpt":{"rendered":"<p>Isikuandmete t\u00f6\u00f6tlemine K\u00f5ik klientide isiklikud andmed sisestatakse s\u00fcsteemi ainu\u00fcksi nende endi n\u00f5usolekul ja kui nad ise need andmed meile esitavad. Me ei kogu klientide kohta mingeid lisaandmeid kolmandatest allikatest. Meie arhiiv, kus me klientide andmeid s\u00e4ilitame, on h\u00e4sti turvatud. Me kasutame klientide isikuandmete kaitsmiseks t\u00e4nap\u00e4evaseid lahendusi ning hoolitseme selle eest, et tarkvara oleks \u00f5igeaegselt uuendatud&hellip;<\/p>\n","protected":false},"author":1,"featured_media":0,"parent":0,"menu_order":0,"comment_status":"closed","ping_status":"open","template":"","meta":{"footnotes":""},"class_list":["post-4269","page","type-page","status-publish","hentry"],"_links":{"self":[{"href":"https:\/\/adeslaenud.ee\/et\/wp-json\/wp\/v2\/pages\/4269","targetHints":{"allow":["GET"]}}],"collection":[{"href":"https:\/\/adeslaenud.ee\/et\/wp-json\/wp\/v2\/pages"}],"about":[{"href":"https:\/\/adeslaenud.ee\/et\/wp-json\/wp\/v2\/types\/page"}],"author":[{"embeddable":true,"href":"https:\/\/adeslaenud.ee\/et\/wp-json\/wp\/v2\/users\/1"}],"replies":[{"embeddable":true,"href":"https:\/\/adeslaenud.ee\/et\/wp-json\/wp\/v2\/comments?post=4269"}],"version-history":[{"count":3,"href":"https:\/\/adeslaenud.ee\/et\/wp-json\/wp\/v2\/pages\/4269\/revisions"}],"predecessor-version":[{"id":4276,"href":"https:\/\/adeslaenud.ee\/et\/wp-json\/wp\/v2\/pages\/4269\/revisions\/4276"}],"wp:attachment":[{"href":"https:\/\/adeslaenud.ee\/et\/wp-json\/wp\/v2\/media?parent=4269"}],"curies":[{"name":"wp","href":"https:\/\/api.w.org\/{rel}","templated":true}]}}