{"id":4273,"date":"2021-01-11T21:33:28","date_gmt":"2021-01-11T19:33:28","guid":{"rendered":"https:\/\/adeslaenud.ee\/tingimused-ja-teenused\/"},"modified":"2021-01-11T22:18:54","modified_gmt":"2021-01-11T20:18:54","slug":"tingimused-ja-teenused","status":"publish","type":"page","link":"https:\/\/adeslaenud.ee\/et\/tingimused-ja-teenused\/","title":{"rendered":"Tingimused ja teenused"},"content":{"rendered":"\t\t<div data-elementor-type=\"wp-page\" data-elementor-id=\"4273\" class=\"elementor elementor-4273 elementor-418\" data-elementor-post-type=\"page\">\n\t\t\t\t\t\t<section class=\"elementor-section elementor-top-section elementor-element elementor-element-60ccef7b elementor-section-boxed elementor-section-height-default elementor-section-height-default\" data-id=\"60ccef7b\" data-element_type=\"section\" data-e-type=\"section\" data-settings=\"{&quot;background_background&quot;:&quot;classic&quot;,&quot;shape_divider_bottom&quot;:&quot;mountains&quot;}\">\n\t\t\t\t\t<div class=\"elementor-shape elementor-shape-bottom\" aria-hidden=\"true\" data-negative=\"false\">\n\t\t\t<svg xmlns=\"http:\/\/www.w3.org\/2000\/svg\" viewBox=\"0 0 1000 100\" preserveAspectRatio=\"none\">\n\t<path class=\"elementor-shape-fill\" opacity=\"0.33\" d=\"M473,67.3c-203.9,88.3-263.1-34-320.3,0C66,119.1,0,59.7,0,59.7V0h1000v59.7 c0,0-62.1,26.1-94.9,29.3c-32.8,3.3-62.8-12.3-75.8-22.1C806,49.6,745.3,8.7,694.9,4.7S492.4,59,473,67.3z\"\/>\n\t<path class=\"elementor-shape-fill\" opacity=\"0.66\" d=\"M734,67.3c-45.5,0-77.2-23.2-129.1-39.1c-28.6-8.7-150.3-10.1-254,39.1 s-91.7-34.4-149.2,0C115.7,118.3,0,39.8,0,39.8V0h1000v36.5c0,0-28.2-18.5-92.1-18.5C810.2,18.1,775.7,67.3,734,67.3z\"\/>\n\t<path class=\"elementor-shape-fill\" d=\"M766.1,28.9c-200-57.5-266,65.5-395.1,19.5C242,1.8,242,5.4,184.8,20.6C128,35.8,132.3,44.9,89.9,52.5C28.6,63.7,0,0,0,0 h1000c0,0-9.9,40.9-83.6,48.1S829.6,47,766.1,28.9z\"\/>\n<\/svg>\t\t<\/div>\n\t\t\t\t\t<div class=\"elementor-container elementor-column-gap-wider\">\n\t\t\t\t\t<div class=\"elementor-column elementor-col-100 elementor-top-column elementor-element elementor-element-c8c9b45\" data-id=\"c8c9b45\" data-element_type=\"column\" data-e-type=\"column\">\n\t\t\t<div class=\"elementor-widget-wrap elementor-element-populated\">\n\t\t\t\t\t\t<div class=\"elementor-element elementor-element-1b38ef10 elementor-widget elementor-widget-heading\" data-id=\"1b38ef10\" data-element_type=\"widget\" data-e-type=\"widget\" data-widget_type=\"heading.default\">\n\t\t\t\t<div class=\"elementor-widget-container\">\n\t\t\t\t\t<h2 class=\"elementor-heading-title elementor-size-default\">Laenutingimused:<\/h2>\t\t\t\t<\/div>\n\t\t\t\t<\/div>\n\t\t\t\t\t<\/div>\n\t\t<\/div>\n\t\t\t\t\t<\/div>\n\t\t<\/section>\n\t\t\t\t<section class=\"elementor-section elementor-top-section elementor-element elementor-element-9e4373e elementor-section-content-middle elementor-section-boxed elementor-section-height-default elementor-section-height-default\" data-id=\"9e4373e\" data-element_type=\"section\" data-e-type=\"section\" data-settings=\"{&quot;background_background&quot;:&quot;classic&quot;}\">\n\t\t\t\t\t\t<div class=\"elementor-container elementor-column-gap-wider\">\n\t\t\t\t\t<div class=\"elementor-column elementor-col-100 elementor-top-column elementor-element elementor-element-835099b\" data-id=\"835099b\" data-element_type=\"column\" data-e-type=\"column\">\n\t\t\t<div class=\"elementor-widget-wrap elementor-element-populated\">\n\t\t\t\t\t\t<div class=\"elementor-element elementor-element-e277a99 elementor-widget elementor-widget-text-editor\" data-id=\"e277a99\" data-element_type=\"widget\" data-e-type=\"widget\" data-widget_type=\"text-editor.default\">\n\t\t\t\t<div class=\"elementor-widget-container\">\n\t\t\t\t\t\t\t\t\t<ul>\n<li>Laenut\u00e4htaeg on 1\u201330 p\u00e4eva ning laenulepingut on v\u00f5imalik pikendada.<\/li>\n<li>Laenu kasutamise eest tasutav intressisumma arvutatakse laenu tegeliku kestuse j\u00e4rgi, mille hulka kuuluvad ka tagatise vormistamise ja selle v\u00e4ljaostmise v\u00f5i tagatislaenu refinantseerimise (teisele laenuandjale tagatise \u00fcleandmise) p\u00e4evad.<\/li>\n<li>Lepingu s\u00f5lmimisel tuleb esitada isikut t\u00f5endav dokument.<\/li>\n<li>Alla 18aastaste isikutega lepinguid ei s\u00f5lmita.<\/li>\n<li>Tagatislaenu refinantseerimise korral makstakse kinni vaid intressid selle perioodi eest, mil laenu on kasutatud, ning laenu osalise tagasimakse korral osa laenusummast.<\/li>\n<\/ul>\n\t\t\t\t\t\t\t\t<\/div>\n\t\t\t\t<\/div>\n\t\t\t\t\t<\/div>\n\t\t<\/div>\n\t\t\t\t\t<\/div>\n\t\t<\/section>\n\t\t\t\t<section class=\"elementor-section elementor-top-section elementor-element elementor-element-33b3965 elementor-section-boxed elementor-section-height-default elementor-section-height-default\" data-id=\"33b3965\" data-element_type=\"section\" data-e-type=\"section\" data-settings=\"{&quot;background_background&quot;:&quot;classic&quot;}\">\n\t\t\t\t\t\t<div class=\"elementor-container elementor-column-gap-wider\">\n\t\t\t\t\t<div class=\"elementor-column elementor-col-100 elementor-top-column elementor-element elementor-element-7f3a474\" data-id=\"7f3a474\" data-element_type=\"column\" data-e-type=\"column\">\n\t\t\t<div class=\"elementor-widget-wrap elementor-element-populated\">\n\t\t\t\t\t\t<div class=\"elementor-element elementor-element-96e6119 elementor-widget elementor-widget-heading\" data-id=\"96e6119\" data-element_type=\"widget\" data-e-type=\"widget\" data-widget_type=\"heading.default\">\n\t\t\t\t<div class=\"elementor-widget-container\">\n\t\t\t\t\t<h2 class=\"elementor-heading-title elementor-size-default\">Meiega koost\u00f6\u00f6 eelised:<\/h2>\t\t\t\t<\/div>\n\t\t\t\t<\/div>\n\t\t\t\t<div class=\"elementor-element elementor-element-931d483 elementor-widget elementor-widget-spacer\" data-id=\"931d483\" data-element_type=\"widget\" data-e-type=\"widget\" data-widget_type=\"spacer.default\">\n\t\t\t\t<div class=\"elementor-widget-container\">\n\t\t\t\t\t\t\t<div class=\"elementor-spacer\">\n\t\t\t<div class=\"elementor-spacer-inner\"><\/div>\n\t\t<\/div>\n\t\t\t\t\t\t<\/div>\n\t\t\t\t<\/div>\n\t\t\t\t<div class=\"elementor-element elementor-element-efb7e03 elementor-widget elementor-widget-text-editor\" data-id=\"efb7e03\" data-element_type=\"widget\" data-e-type=\"widget\" data-widget_type=\"text-editor.default\">\n\t\t\t\t<div class=\"elementor-widget-container\">\n\t\t\t\t\t\t\t\t\t<p>Ettev\u00f5te <strong>Ades Laenud O\u00dc<\/strong> pakub kuldesemete kokkuostu vallas koost\u00f6\u00f6d nii \u00e4riklientidele kui eraisikutele! Me ostame kuldesemeid kokku b\u00f6rsihinnast kallimalt ning kivide kaalu me maha ei arvesta. V\u00e4\u00e4riskividega (briljandid, safiirid, rubiinid jne) esemete eest pakume k\u00f5rgeimat hinda. Hindamine toimub kohapeal.<\/p>\n<p>&nbsp;<\/p>\n<ul>\n<li>Me oleme tegutsenud sellel turul \u00fcle kuue aasta ja teeninud v\u00e4lja oma klientide usalduse.<\/li>\n<li>Paindlikud tingimused<\/li>\n<li>T\u00f6\u00f6tame iga p\u00e4ev<\/li>\n<li>Madal laenuintress<\/li>\n<li>P\u00fcsiklientidele soodustused<\/li>\n<li>Laenusummal piirm\u00e4\u00e4ra ei ole<\/li>\n<li>Teie kauba usaldusv\u00e4\u00e4rses kohas hoiustamine kuni laenu tagastamiseni<\/li>\n<li>Parim kokkuostuhind, aga ka teie kuldesemete kohapeal uute vastu vahetamine<\/li>\n<li>Kiire ja professionaalne teenindus ning individuaalne l\u00e4henemine igale kliendile<\/li>\n<li>Kulla kokkuostu- ja m\u00fc\u00fcgihinnad on m\u00e4rgitud reaalajas<\/li>\n<li>J\u00e4relmaksuv\u00f5imalus<\/li>\n<li>Laenu tagasimaksmine osade kaupa<\/li>\n<\/ul>\n<p>&nbsp;<\/p>\n<p><strong>Raha laenamine j\u00e4rgmise tagatise vastu:<\/strong><\/p>\n<ul>\n<li>Kinnisvara<\/li>\n<li>Autod<\/li>\n<li>Erinevad tehnikaseadmed<\/li>\n<li>Kuld ja h\u00f5be<\/li>\n<li>Jalgrattad<\/li>\n<li>Ostame kokku jalgrattaid soodsa hinnaga!!!<\/li>\n<li>M\u00e4ngukonsoolide m\u00e4ngud<\/li>\n<\/ul>\n<p>&nbsp;<\/p>\n<p><strong>Kauplus:<\/strong><\/p>\n<ul>\n<li>Pakume nii kasutatut kui uut kaupa<\/li>\n<li>Kuldesemete ja romukulla m\u00fc\u00fck parima hinnaga<\/li>\n<li>Teie vanade esemete vahetamine uute vastu<\/li>\n<li>Vahetus toimub kohapeal. Me pakume Teile Teie kuldesemete eest b\u00f6rsihinnast kallimat hinda, misj\u00e4rel saate sealsamas kohapeal uue eseme soetada.<\/li>\n<li>Ostame kokku ja v\u00f5tame laenu tagatisena vastu jalgrattaid!!!<\/li>\n<li>Ostame esemeid hinnaga kuni 30 eurot grammi eest!!!<\/li>\n<li>Valik kive 0,5\u20131 karaati<\/li>\n<li>Ostame kokku parima hinnaga kulda ja h\u00f5bedat Tallinnas!<\/li>\n<li>Jalgrataste talvine hoiustamine<\/li>\n<\/ul>\n<p>&nbsp;<\/p>\n<p><strong>AINULT MEIL:<\/strong><\/p>\n<p>V\u00f5tame vastu kuldehteid kivide kaalu maha arvestamata<\/p>\n<p><strong>AINULT MEIL:<\/strong><\/p>\n<p>V\u00f5tame vastu eksklusiivseid originaalehteid erihinnaga<\/p>\n<p><strong>OLETE OODATUD!<\/strong><\/p>\n<p>Alates 1000 eurost on kuu intressim\u00e4\u00e4r 5%<\/p>\n<p>&nbsp;<\/p>\n<p>&nbsp;<\/p>\n<p><strong>Laenuintressid:<\/strong><\/p>\n<p>1 p\u00e4ev \u2014 3%<\/p>\n<p>3 p\u00e4eva \u2014 5%<\/p>\n<p>7 p\u00e4eva \u2014 7%<\/p>\n<p>14 p\u00e4eva \u2014 9%<\/p>\n<p>30 p\u00e4eva \u2014 14%<\/p>\n<p>Kuld 30 p\u00e4eva \u2014 12%<\/p>\n<p>P\u00fcsikliendid \u2014 10%<\/p>\n\t\t\t\t\t\t\t\t<\/div>\n\t\t\t\t<\/div>\n\t\t\t\t\t<\/div>\n\t\t<\/div>\n\t\t\t\t\t<\/div>\n\t\t<\/section>\n\t\t\t\t<section class=\"elementor-section elementor-top-section elementor-element elementor-element-a3efa6e elementor-section-content-middle elementor-section-boxed elementor-section-height-default elementor-section-height-default\" data-id=\"a3efa6e\" data-element_type=\"section\" data-e-type=\"section\">\n\t\t\t\t\t\t<div class=\"elementor-container elementor-column-gap-wider\">\n\t\t\t\t\t<div class=\"elementor-column elementor-col-100 elementor-top-column elementor-element elementor-element-68564aa\" data-id=\"68564aa\" data-element_type=\"column\" data-e-type=\"column\">\n\t\t\t<div class=\"elementor-widget-wrap elementor-element-populated\">\n\t\t\t\t\t\t<div class=\"elementor-element elementor-element-51c4109 elementor-widget elementor-widget-heading\" data-id=\"51c4109\" data-element_type=\"widget\" data-e-type=\"widget\" data-widget_type=\"heading.default\">\n\t\t\t\t<div class=\"elementor-widget-container\">\n\t\t\t\t\t<h3 class=\"elementor-heading-title elementor-size-default\">Ost ja soetamistingimused<\/h3>\t\t\t\t<\/div>\n\t\t\t\t<\/div>\n\t\t\t\t<div class=\"elementor-element elementor-element-1ec6f04 elementor-widget elementor-widget-spacer\" data-id=\"1ec6f04\" data-element_type=\"widget\" data-e-type=\"widget\" data-widget_type=\"spacer.default\">\n\t\t\t\t<div class=\"elementor-widget-container\">\n\t\t\t\t\t\t\t<div class=\"elementor-spacer\">\n\t\t\t<div class=\"elementor-spacer-inner\"><\/div>\n\t\t<\/div>\n\t\t\t\t\t\t<\/div>\n\t\t\t\t<\/div>\n\t\t\t\t<div class=\"elementor-element elementor-element-bf7e1cd elementor-widget elementor-widget-text-editor\" data-id=\"bf7e1cd\" data-element_type=\"widget\" data-e-type=\"widget\" data-widget_type=\"text-editor.default\">\n\t\t\t\t<div class=\"elementor-widget-container\">\n\t\t\t\t\t\t\t\t\t<p>Te v\u00f5ite enne kauba ostmist seda hoolikalt kontrollida. Kui esemel on tehniline rike v\u00f5i ei vasta selle muud omadused varem kirjeldatule, siis me tagastame Teile summa, mille kulutasite. Hilisemad kaebused vaadatakse \u00fcle, kui nad on esitatud ostuhetkest alates maksimaalselt 24 tunni jooksul.<\/p>\n\t\t\t\t\t\t\t\t<\/div>\n\t\t\t\t<\/div>\n\t\t\t\t\t<\/div>\n\t\t<\/div>\n\t\t\t\t\t<\/div>\n\t\t<\/section>\n\t\t\t\t<\/div>\n\t\t","protected":false},"excerpt":{"rendered":"<p>Laenutingimused: Laenut\u00e4htaeg on 1\u201330 p\u00e4eva ning laenulepingut on v\u00f5imalik pikendada. Laenu kasutamise eest tasutav intressisumma arvutatakse laenu tegeliku kestuse j\u00e4rgi, mille hulka kuuluvad ka tagatise vormistamise ja selle v\u00e4ljaostmise v\u00f5i tagatislaenu refinantseerimise (teisele laenuandjale tagatise \u00fcleandmise) p\u00e4evad. Lepingu s\u00f5lmimisel tuleb esitada isikut t\u00f5endav dokument. Alla 18aastaste isikutega lepinguid ei s\u00f5lmita. Tagatislaenu refinantseerimise korral makstakse kinni&hellip;<\/p>\n","protected":false},"author":1,"featured_media":0,"parent":0,"menu_order":20,"comment_status":"closed","ping_status":"closed","template":"elementor_header_footer","meta":{"footnotes":""},"class_list":["post-4273","page","type-page","status-publish","hentry"],"_links":{"self":[{"href":"https:\/\/adeslaenud.ee\/et\/wp-json\/wp\/v2\/pages\/4273","targetHints":{"allow":["GET"]}}],"collection":[{"href":"https:\/\/adeslaenud.ee\/et\/wp-json\/wp\/v2\/pages"}],"about":[{"href":"https:\/\/adeslaenud.ee\/et\/wp-json\/wp\/v2\/types\/page"}],"author":[{"embeddable":true,"href":"https:\/\/adeslaenud.ee\/et\/wp-json\/wp\/v2\/users\/1"}],"replies":[{"embeddable":true,"href":"https:\/\/adeslaenud.ee\/et\/wp-json\/wp\/v2\/comments?post=4273"}],"version-history":[{"count":9,"href":"https:\/\/adeslaenud.ee\/et\/wp-json\/wp\/v2\/pages\/4273\/revisions"}],"predecessor-version":[{"id":4305,"href":"https:\/\/adeslaenud.ee\/et\/wp-json\/wp\/v2\/pages\/4273\/revisions\/4305"}],"wp:attachment":[{"href":"https:\/\/adeslaenud.ee\/et\/wp-json\/wp\/v2\/media?parent=4273"}],"curies":[{"name":"wp","href":"https:\/\/api.w.org\/{rel}","templated":true}]}}