{"id":12434,"date":"2025-09-26T03:37:40","date_gmt":"2025-09-26T00:37:40","guid":{"rendered":"https:\/\/adeslaenud.ee\/product\/akuga-kombineeritud-perforaator-makita-dhr243-%e2%84%965\/"},"modified":"2025-09-26T03:37:40","modified_gmt":"2025-09-26T00:37:40","slug":"akuga-kombineeritud-perforaator-makita-dhr243-%e2%84%965","status":"publish","type":"product","link":"https:\/\/adeslaenud.ee\/et\/toode\/akuga-kombineeritud-perforaator-makita-dhr243-%e2%84%965\/","title":{"rendered":"Akuga kombineeritud perforaator Makita DHR243 | \u21165"},"content":{"rendered":"","protected":false},"excerpt":{"rendered":"<ul data-start=\"87\" data-end=\"845\">\n<li data-start=\"87\" data-end=\"173\">\n<p data-start=\"89\" data-end=\"173\"><strong data-start=\"89\" data-end=\"108\">\u0422\u0438\u043f \u0438\u043d\u0441\u0442\u0440\u0443\u043c\u0435\u043d\u0442\u0430<\/strong>: \u0410\u043a\u043a\u0443\u043c\u0443\u043b\u044f\u0442\u043e\u0440\u043d\u044b\u0439 \u043f\u0435\u0440\u0444\u043e\u0440\u0430\u0442\u043e\u0440 (\u043a\u043e\u043c\u0431\u0438\u043d\u0438\u0440\u043e\u0432\u0430\u043d\u043d\u044b\u0439, \u0441 \u0442\u0440\u0435\u043c\u044f \u0440\u0435\u0436\u0438\u043c\u0430\u043c\u0438)<\/p>\n<\/li>\n<li data-start=\"174\" data-end=\"212\">\n<p data-start=\"176\" data-end=\"212\"><strong data-start=\"176\" data-end=\"190\">\u041d\u0430\u043f\u0440\u044f\u0436\u0435\u043d\u0438\u0435<\/strong>: 18 \u0412 (Li-Ion, LXT)<\/p>\n<\/li>\n<li data-start=\"213\" data-end=\"255\">\n<p data-start=\"215\" data-end=\"255\"><strong data-start=\"215\" data-end=\"228\">\u0414\u0432\u0438\u0433\u0430\u0442\u0435\u043b\u044c<\/strong>: \u0411\u0435\u0441\u0449\u0435\u0442\u043e\u0447\u043d\u044b\u0439 (brushless)<\/p>\n<\/li>\n<li data-start=\"256\" data-end=\"285\">\n<p data-start=\"258\" data-end=\"285\"><strong data-start=\"258\" data-end=\"275\">\u042d\u043d\u0435\u0440\u0433\u0438\u044f \u0443\u0434\u0430\u0440\u0430<\/strong>: 2,0 \u0414\u0436<\/p>\n<\/li>\n<li data-start=\"286\" data-end=\"325\">\n<p data-start=\"288\" data-end=\"325\"><strong data-start=\"288\" data-end=\"309\">\u0421\u043a\u043e\u0440\u043e\u0441\u0442\u044c \u0432\u0440\u0430\u0449\u0435\u043d\u0438\u044f<\/strong>: 0\u2013950 \u043e\u0431\/\u043c\u0438\u043d<\/p>\n<\/li>\n<li data-start=\"326\" data-end=\"363\">\n<p data-start=\"328\" data-end=\"363\"><strong data-start=\"328\" data-end=\"346\">\u0427\u0430\u0441\u0442\u043e\u0442\u0430 \u0443\u0434\u0430\u0440\u043e\u0432<\/strong>: 0\u20134700 \u0443\u0434\/\u043c\u0438\u043d<\/p>\n<\/li>\n<li data-start=\"364\" data-end=\"462\">\n<p data-start=\"366\" data-end=\"403\"><strong data-start=\"366\" data-end=\"400\">\u041c\u0430\u043a\u0441\u0438\u043c\u0430\u043b\u044c\u043d\u044b\u0439 \u0434\u0438\u0430\u043c\u0435\u0442\u0440 \u0441\u0432\u0435\u0440\u043b\u0435\u043d\u0438\u044f<\/strong>:<\/p>\n<ul data-start=\"406\" data-end=\"462\">\n<li data-start=\"406\" data-end=\"422\">\n<p data-start=\"408\" data-end=\"422\">\u0411\u0435\u0442\u043e\u043d: 24 \u043c\u043c<\/p>\n<\/li>\n<li data-start=\"425\" data-end=\"442\">\n<p data-start=\"427\" data-end=\"442\">\u0414\u0435\u0440\u0435\u0432\u043e: 27 \u043c\u043c<\/p>\n<\/li>\n<li data-start=\"445\" data-end=\"462\">\n<p data-start=\"447\" data-end=\"462\">\u041c\u0435\u0442\u0430\u043b\u043b: 13 \u043c\u043c<\/p>\n<\/li>\n<\/ul>\n<\/li>\n<li data-start=\"463\" data-end=\"504\">\n<p data-start=\"465\" data-end=\"504\"><strong data-start=\"465\" data-end=\"488\">\u0412\u0435\u0441 \u0441 \u0430\u043a\u043a\u0443\u043c\u0443\u043b\u044f\u0442\u043e\u0440\u043e\u043c<\/strong>: \u043e\u043a\u043e\u043b\u043e 3,4 \u043a\u0433<\/p>\n<\/li>\n<li data-start=\"505\" data-end=\"539\">\n<p data-start=\"507\" data-end=\"539\"><strong data-start=\"507\" data-end=\"518\">\u0420\u0430\u0437\u043c\u0435\u0440\u044b<\/strong>: 353 \u00d7 85 \u00d7 213 \u043c\u043c<\/p>\n<\/li>\n<li data-start=\"540\" data-end=\"603\">\n<p data-start=\"542\" data-end=\"603\"><strong data-start=\"542\" data-end=\"559\">\u0420\u0435\u0436\u0438\u043c\u044b \u0440\u0430\u0431\u043e\u0442\u044b<\/strong>: \u0441\u0432\u0435\u0440\u043b\u0435\u043d\u0438\u0435, \u0441\u0432\u0435\u0440\u043b\u0435\u043d\u0438\u0435 \u0441 \u0443\u0434\u0430\u0440\u043e\u043c, \u0434\u043e\u043b\u0431\u043b\u0435\u043d\u0438\u0435<\/p>\n<\/li>\n<li data-start=\"604\" data-end=\"677\">\n<p data-start=\"606\" data-end=\"677\"><strong data-start=\"606\" data-end=\"616\">\u041f\u0430\u0442\u0440\u043e\u043d<\/strong>: SDS-PLUS + \u0431\u044b\u0441\u0442\u0440\u043e\u0441\u043c\u0435\u043d\u043d\u044b\u0439 \u043f\u0430\u0442\u0440\u043e\u043d \u043f\u043e\u0434 \u0446\u0438\u043b\u0438\u043d\u0434\u0440\u0438\u0447\u0435\u0441\u043a\u0438\u0435 \u0441\u0432\u0435\u0440\u043b\u0430<\/p>\n<\/li>\n<li data-start=\"678\" data-end=\"845\">\n<p data-start=\"680\" data-end=\"698\"><strong data-start=\"680\" data-end=\"695\">\u041e\u0441\u043e\u0431\u0435\u043d\u043d\u043e\u0441\u0442\u0438<\/strong>:<\/p>\n<ul data-start=\"701\" data-end=\"845\">\n<li data-start=\"701\" data-end=\"729\">\n<p data-start=\"703\" data-end=\"729\">\u0410\u043d\u0442\u0438\u0432\u0438\u0431\u0440\u0430\u0446\u0438\u043e\u043d\u043d\u0430\u044f \u0441\u0438\u0441\u0442\u0435\u043c\u0430<\/p>\n<\/li>\n<li data-start=\"732\" data-end=\"754\">\n<p data-start=\"734\" data-end=\"754\">\u042d\u043b\u0435\u043a\u0442\u0440\u043e\u043d\u043d\u044b\u0439 \u0442\u043e\u0440\u043c\u043e\u0437<\/p>\n<\/li>\n<li data-start=\"757\" data-end=\"819\">\n<p data-start=\"759\" data-end=\"819\">\u0417\u0430\u0449\u0438\u0442\u0430 \u0430\u043a\u043a\u0443\u043c\u0443\u043b\u044f\u0442\u043e\u0440\u0430 \u043e\u0442 \u043f\u0435\u0440\u0435\u0433\u0440\u0443\u0437\u043a\u0438, \u043f\u0435\u0440\u0435\u0433\u0440\u0435\u0432\u0430 \u0438 \u043f\u0435\u0440\u0435\u0440\u0430\u0437\u0440\u044f\u0434\u0430<\/p>\n<\/li>\n<li data-start=\"822\" data-end=\"845\">\n<p data-start=\"824\" data-end=\"845\">\u042d\u0440\u0433\u043e\u043d\u043e\u043c\u0438\u0447\u043d\u044b\u0439 \u0434\u0438\u0437\u0430\u0439\u043d<\/p>\n<\/li>\n<\/ul>\n<\/li>\n<\/ul>\n<h3 data-start=\"852\" data-end=\"875\"><\/h3>\n<ul data-start=\"876\" data-end=\"1597\">\n<li data-start=\"876\" data-end=\"946\">\n<p data-start=\"878\" data-end=\"946\"><strong data-start=\"878\" data-end=\"896\">T\u00f6\u00f6riista t\u00fc\u00fcp<\/strong>: Akuga kombineeritud perforaator (3 t\u00f6\u00f6re\u017eiimi)<\/p>\n<\/li>\n<li data-start=\"947\" data-end=\"980\">\n<p data-start=\"949\" data-end=\"980\"><strong data-start=\"949\" data-end=\"958\">Pinge<\/strong>: 18 V (Li-Ion, LXT)<\/p>\n<\/li>\n<li data-start=\"981\" data-end=\"1018\">\n<p data-start=\"983\" data-end=\"1018\"><strong data-start=\"983\" data-end=\"993\">Mootor<\/strong>: Harjadeta (brushless)<\/p>\n<\/li>\n<li data-start=\"1019\" data-end=\"1046\">\n<p data-start=\"1021\" data-end=\"1046\"><strong data-start=\"1021\" data-end=\"1037\">L\u00f6\u00f6gienergia<\/strong>: 2,0 J<\/p>\n<\/li>\n<li data-start=\"1047\" data-end=\"1083\">\n<p data-start=\"1049\" data-end=\"1083\"><strong data-start=\"1049\" data-end=\"1068\">P\u00f6\u00f6rlemiskiirus<\/strong>: 0\u2013950 p\/min<\/p>\n<\/li>\n<li data-start=\"1084\" data-end=\"1125\">\n<p data-start=\"1086\" data-end=\"1125\"><strong data-start=\"1086\" data-end=\"1105\">L\u00f6\u00f6kide sagedus<\/strong>: 0\u20134700 l\u00f6\u00f6ki\/min<\/p>\n<\/li>\n<li data-start=\"1126\" data-end=\"1221\">\n<p data-start=\"1128\" data-end=\"1163\"><strong data-start=\"1128\" data-end=\"1160\">Maksimaalne puurimisl\u00e4bim\u00f5\u00f5t<\/strong>:<\/p>\n<ul data-start=\"1166\" data-end=\"1221\">\n<li data-start=\"1166\" data-end=\"1183\">\n<p data-start=\"1168\" data-end=\"1183\">Betoon: 24 mm<\/p>\n<\/li>\n<li data-start=\"1186\" data-end=\"1201\">\n<p data-start=\"1188\" data-end=\"1201\">Puit: 27 mm<\/p>\n<\/li>\n<li data-start=\"1204\" data-end=\"1221\">\n<p data-start=\"1206\" data-end=\"1221\">Metall: 13 mm<\/p>\n<\/li>\n<\/ul>\n<\/li>\n<li data-start=\"1222\" data-end=\"1255\">\n<p data-start=\"1224\" data-end=\"1255\"><strong data-start=\"1224\" data-end=\"1243\">Kaal koos akuga<\/strong>: u 3,4 kg<\/p>\n<\/li>\n<li data-start=\"1256\" data-end=\"1290\">\n<p data-start=\"1258\" data-end=\"1290\"><strong data-start=\"1258\" data-end=\"1269\">M\u00f5\u00f5tmed<\/strong>: 353 \u00d7 85 \u00d7 213 mm<\/p>\n<\/li>\n<li data-start=\"1291\" data-end=\"1350\">\n<p data-start=\"1293\" data-end=\"1350\"><strong data-start=\"1293\" data-end=\"1308\">T\u00f6\u00f6re\u017eiimid<\/strong>: puurimine, l\u00f6\u00f6kpuurimine, meiseldamine<\/p>\n<\/li>\n<li data-start=\"1351\" data-end=\"1426\">\n<p data-start=\"1353\" data-end=\"1426\"><strong data-start=\"1353\" data-end=\"1363\">Padrun<\/strong>: SDS-PLUS + kiirvahetatav padrun silindriliste puuride jaoks<\/p>\n<\/li>\n<li data-start=\"1427\" data-end=\"1597\">\n<p data-start=\"1429\" data-end=\"1444\"><strong data-start=\"1429\" data-end=\"1441\">Omadused<\/strong>:<\/p>\n<ul data-start=\"1447\" data-end=\"1597\">\n<li data-start=\"1447\" data-end=\"1478\">\n<p data-start=\"1449\" data-end=\"1478\">Vibratsioonivastane s\u00fcsteem<\/p>\n<\/li>\n<li data-start=\"1481\" data-end=\"1505\">\n<p data-start=\"1483\" data-end=\"1505\">Elektrooniline pidur<\/p>\n<\/li>\n<li data-start=\"1508\" data-end=\"1570\">\n<p data-start=\"1510\" data-end=\"1570\">Aku kaitse \u00fclekoormuse, \u00fclekuumenemise ja t\u00fchjenemise eest<\/p>\n<\/li>\n<li data-start=\"1573\" data-end=\"1597\">\n<p data-start=\"1575\" data-end=\"1597\">Ergonoomiline disain<\/p>\n<\/li>\n<\/ul>\n<\/li>\n<\/ul>\n","protected":false},"featured_media":12429,"comment_status":"closed","ping_status":"closed","template":"","meta":[],"product_brand":[],"product_cat":[803],"product_tag":[],"class_list":{"0":"post-12434","1":"product","2":"type-product","3":"status-publish","4":"has-post-thumbnail","6":"product_cat--et","7":"description-off","9":"first","10":"instock","11":"shipping-taxable","12":"purchasable","13":"product-type-simple"},"_links":{"self":[{"href":"https:\/\/adeslaenud.ee\/et\/wp-json\/wp\/v2\/product\/12434","targetHints":{"allow":["GET"]}}],"collection":[{"href":"https:\/\/adeslaenud.ee\/et\/wp-json\/wp\/v2\/product"}],"about":[{"href":"https:\/\/adeslaenud.ee\/et\/wp-json\/wp\/v2\/types\/product"}],"replies":[{"embeddable":true,"href":"https:\/\/adeslaenud.ee\/et\/wp-json\/wp\/v2\/comments?post=12434"}],"wp:featuredmedia":[{"embeddable":true,"href":"https:\/\/adeslaenud.ee\/et\/wp-json\/wp\/v2\/media\/12429"}],"wp:attachment":[{"href":"https:\/\/adeslaenud.ee\/et\/wp-json\/wp\/v2\/media?parent=12434"}],"wp:term":[{"taxonomy":"product_brand","embeddable":true,"href":"https:\/\/adeslaenud.ee\/et\/wp-json\/wp\/v2\/product_brand?post=12434"},{"taxonomy":"product_cat","embeddable":true,"href":"https:\/\/adeslaenud.ee\/et\/wp-json\/wp\/v2\/product_cat?post=12434"},{"taxonomy":"product_tag","embeddable":true,"href":"https:\/\/adeslaenud.ee\/et\/wp-json\/wp\/v2\/product_tag?post=12434"}],"curies":[{"name":"wp","href":"https:\/\/api.w.org\/{rel}","templated":true}]}}