{"id":12440,"date":"2025-09-26T03:40:47","date_gmt":"2025-09-26T00:40:47","guid":{"rendered":"https:\/\/adeslaenud.ee\/product\/akuga-lookmutrikeeraja-makita-dhr243-%e2%84%966\/"},"modified":"2025-09-26T03:40:47","modified_gmt":"2025-09-26T00:40:47","slug":"akuga-lookmutrikeeraja-makita-dhr243-%e2%84%966","status":"publish","type":"product","link":"https:\/\/adeslaenud.ee\/et\/toode\/akuga-lookmutrikeeraja-makita-dhr243-%e2%84%966\/","title":{"rendered":"Akuga l\u00f6\u00f6kmutrikeeraja Makita DHR243 | \u21166"},"content":{"rendered":"","protected":false},"excerpt":{"rendered":"<ul data-start=\"95\" data-end=\"1134\">\n<li data-start=\"95\" data-end=\"168\">\n<p data-start=\"97\" data-end=\"168\"><strong data-start=\"97\" data-end=\"116\">\u0422\u0438\u043f \u0438\u043d\u0441\u0442\u0440\u0443\u043c\u0435\u043d\u0442\u0430<\/strong>: \u0410\u043a\u043a\u0443\u043c\u0443\u043b\u044f\u0442\u043e\u0440\u043d\u044b\u0439 \u0443\u0434\u0430\u0440\u043d\u044b\u0439 \u0433\u0430\u0439\u043a\u043e\u0432\u0451\u0440\u0442 (impact wrench)<\/p>\n<\/li>\n<li data-start=\"169\" data-end=\"214\">\n<p data-start=\"171\" data-end=\"214\"><strong data-start=\"171\" data-end=\"185\">\u041d\u0430\u043f\u0440\u044f\u0436\u0435\u043d\u0438\u0435<\/strong>: 18 \u0412 (\u0441\u0438\u0441\u0442\u0435\u043c\u0430 Li-Ion LXT)<\/p>\n<\/li>\n<li data-start=\"215\" data-end=\"253\">\n<p data-start=\"217\" data-end=\"253\"><strong data-start=\"217\" data-end=\"226\">\u041c\u043e\u0442\u043e\u0440<\/strong>: \u0431\u0435\u0441\u0449\u0451\u0442\u043e\u0447\u043d\u044b\u0439 (brushless)<\/p>\n<\/li>\n<li data-start=\"254\" data-end=\"310\">\n<p data-start=\"256\" data-end=\"310\"><strong data-start=\"256\" data-end=\"299\">\u041c\u0430\u043a\u0441\u0438\u043c\u0430\u043b\u044c\u043d\u044b\u0439 \u043a\u0440\u0443\u0442\u044f\u0449\u0438\u0439 \u043c\u043e\u043c\u0435\u043d\u0442 (\u0437\u0430\u0442\u044f\u0436\u043d\u043e\u0439)<\/strong>: 330 \u041d\u00b7\u043c<\/p>\n<\/li>\n<li data-start=\"311\" data-end=\"373\">\n<p data-start=\"313\" data-end=\"373\"><strong data-start=\"313\" data-end=\"356\">\u201c\u041d\u0430\u043a\u043e\u043b\u043e\u0442\u044b\u0439\u201d \u043c\u043e\u043c\u0435\u043d\u0442 (nut-busting torque)<\/strong>: \u043e\u043a\u043e\u043b\u043e 580 \u041d\u00b7\u043c<\/p>\n<\/li>\n<li data-start=\"374\" data-end=\"440\">\n<p data-start=\"376\" data-end=\"440\"><strong data-start=\"376\" data-end=\"419\">\u0427\u0438\u0441\u043b\u043e \u0441\u0442\u0443\u043f\u0435\u043d\u0435\u0439 \u0441\u043a\u043e\u0440\u043e\u0441\u0442\u0438 \/ \u0440\u0435\u0436\u0438\u043c\u043e\u0432 \u0443\u0434\u0430\u0440\u0430<\/strong>: 4 \u0443\u0440\u043e\u0432\u043d\u044f \u043c\u043e\u0449\u043d\u043e\u0441\u0442\u0438<\/p>\n<\/li>\n<li data-start=\"441\" data-end=\"556\">\n<p data-start=\"443\" data-end=\"556\"><strong data-start=\"443\" data-end=\"468\">\u0421\u043a\u043e\u0440\u043e\u0441\u0442\u044c \u0431\u0435\u0437 \u043d\u0430\u0433\u0440\u0443\u0437\u043a\u0438<\/strong>: \u043f\u0440\u0438\u043c\u0435\u0440\u043d\u043e 0-3 200 \/ 2 600 \/ 1 800 \/ 1 000 \u043e\u0431\u043e\u0440\u043e\u0442\u043e\u0432 \u0432 \u043c\u0438\u043d\u0443\u0442\u0443 (\u0432 \u0437\u0430\u0432\u0438\u0441\u0438\u043c\u043e\u0441\u0442\u0438 \u043e\u0442 \u0443\u0440\u043e\u0432\u043d\u044f)<\/p>\n<\/li>\n<li data-start=\"557\" data-end=\"634\">\n<p data-start=\"559\" data-end=\"634\"><strong data-start=\"559\" data-end=\"583\">\u0427\u0430\u0441\u0442\u043e\u0442\u0430 \u0443\u0434\u0430\u0440\u043e\u0432 (IPM)<\/strong>: \u043f\u0440\u0438\u043c\u0435\u0440\u043d\u043e 0-4 000 \/ 3 400 \/ 2 600 \/ 1 800 \u0443\u0434\/\u043c\u0438\u043d<\/p>\n<\/li>\n<li data-start=\"635\" data-end=\"670\">\n<p data-start=\"637\" data-end=\"670\"><strong data-start=\"637\" data-end=\"648\">\u0420\u0430\u0437\u043c\u0435\u0440\u044b<\/strong>: \u0434\u043b\u0438\u043d\u0430 \u043e\u043a\u043e\u043b\u043e 144 \u043c\u043c<\/p>\n<\/li>\n<li data-start=\"671\" data-end=\"720\">\n<p data-start=\"673\" data-end=\"720\"><strong data-start=\"673\" data-end=\"680\">\u0412\u0435\u0441<\/strong>: \u043f\u043e\u0440\u044f\u0434\u043a\u0430 1,5-1,8 \u043a\u0433 (\u0441 \u0430\u043a\u043a\u0443\u043c\u0443\u043b\u044f\u0442\u043e\u0440\u043e\u043c)<\/p>\n<\/li>\n<li data-start=\"721\" data-end=\"780\">\n<p data-start=\"723\" data-end=\"780\"><strong data-start=\"723\" data-end=\"764\">\u0422\u0438\u043f \u043a\u0432\u0430\u0434\u0440\u0430\u0442\u043d\u043e\u0433\u043e \u0445\u0432\u043e\u0441\u0442\u043e\u0432\u0438\u043a\u0430 (\u0448\u0430\u0442\u0443\u043d\u0447\u0438\u043a)<\/strong>: \u00bd\u2033 (12,7 \u043c\u043c)<\/p>\n<\/li>\n<li data-start=\"781\" data-end=\"814\">\n<p data-start=\"783\" data-end=\"814\"><strong data-start=\"783\" data-end=\"803\">\u041d\u043e\u0440\u043c\u0430\u043b\u044c\u043d\u044b\u0435 \u0431\u043e\u043b\u0442\u044b<\/strong>: M10-M20<\/p>\n<\/li>\n<li data-start=\"815\" data-end=\"851\">\n<p data-start=\"817\" data-end=\"851\"><strong data-start=\"817\" data-end=\"840\">\u0412\u044b\u0441\u043e\u043a\u043e\u043f\u0440\u043e\u0447\u043d\u044b\u0435 \u0431\u043e\u043b\u0442\u044b<\/strong>: M10-M16<\/p>\n<\/li>\n<li data-start=\"852\" data-end=\"1134\">\n<p data-start=\"854\" data-end=\"1134\"><strong data-start=\"854\" data-end=\"880\">\u0414\u043e\u043f\u043e\u043b\u043d\u0438\u0442\u0435\u043b\u044c\u043d\u044b\u0435 \u0444\u0443\u043d\u043a\u0446\u0438\u0438<\/strong>:<br data-start=\"881\" data-end=\"884\" \/>\u2022 \u041c\u0438\u0433\u0430\u044e\u0449\u0438\u0439 \u0438 \u043f\u043e\u0441\u043b\u0435\u0441\u0432\u0435\u0442 LED-\u043f\u043e\u0434\u0441\u0432\u0435\u0442\u043a\u0430 \u0440\u0430\u0431\u043e\u0447\u0435\u0439 \u0437\u043e\u043d\u044b<br data-start=\"935\" data-end=\"938\" \/>\u2022 \u042d\u043b\u0435\u043a\u0442\u0440\u043e\u043d\u043d\u0430\u044f \u043e\u0441\u0442\u0430\u043d\u043e\u0432\u043a\u0430 \/ \u0430\u0432\u0442\u043e-\u0441\u0442\u043e\u043f \u0432 \u0440\u0435\u0436\u0438\u043c\u0430\u0445 \u0437\u0430\u0442\u044f\u0436\u043a\u0438<br data-start=\"993\" data-end=\"996\" \/>\u2022 \u042d\u043b\u0435\u043a\u0442\u0440\u043e\u0431\u0440\u044d\u0439\u043a (\u0431\u044b\u0441\u0442\u0440\u0430\u044f \u043e\u0441\u0442\u0430\u043d\u043e\u0432\u043a\u0430)<br data-start=\"1032\" data-end=\"1035\" \/>\u2022 \u0417\u0430\u0449\u0438\u0442\u0430 \u043e\u0442 \u043f\u044b\u043b\u0438 \u0438 \u0432\u043b\u0430\u0433\u0438 (\u0442\u0435\u0445\u043d\u043e\u043b\u043e\u0433\u0438\u044f XPT)<br data-start=\"1078\" data-end=\"1081\" \/>\u2022 \u041f\u0435\u0440\u0435\u043a\u043b\u044e\u0447\u0430\u0442\u0435\u043b\u044c \u043d\u0430\u043f\u0440\u0430\u0432\u043b\u0435\u043d\u0438\u044f \u0432\u0440\u0430\u0449\u0435\u043d\u0438\u044f \u0432\u043f\u0435\u0440\u0435\u0434\/\u043d\u0430\u0437\u0430\u0434<\/p>\n<\/li>\n<\/ul>\n<h3 data-start=\"1141\" data-end=\"1158\"><\/h3>\n<ul data-start=\"1160\" data-end=\"2012\">\n<li data-start=\"1160\" data-end=\"1222\">\n<p data-start=\"1162\" data-end=\"1222\"><strong data-start=\"1162\" data-end=\"1180\">T\u00f6\u00f6riista t\u00fc\u00fcp<\/strong>: Akuga l\u00f6\u00f6kmutrikeeraja (impact wrench)<\/p>\n<\/li>\n<li data-start=\"1223\" data-end=\"1263\">\n<p data-start=\"1225\" data-end=\"1263\"><strong data-start=\"1225\" data-end=\"1234\">Pinge<\/strong>: 18 V (Li-Ion LXT s\u00fcsteem)<\/p>\n<\/li>\n<li data-start=\"1264\" data-end=\"1301\">\n<p data-start=\"1266\" data-end=\"1301\"><strong data-start=\"1266\" data-end=\"1276\">Mootor<\/strong>: harjadeta (brushless)<\/p>\n<\/li>\n<li data-start=\"1302\" data-end=\"1355\">\n<p data-start=\"1304\" data-end=\"1355\"><strong data-start=\"1304\" data-end=\"1345\">Maksimaalne p\u00f6\u00f6rdemoment (keeramisel)<\/strong>: 330 Nm<\/p>\n<\/li>\n<li data-start=\"1356\" data-end=\"1403\">\n<p data-start=\"1358\" data-end=\"1403\"><strong data-start=\"1358\" data-end=\"1387\">\u201eNuti purustamise\u201c moment<\/strong>: umbes 580 Nm<\/p>\n<\/li>\n<li data-start=\"1404\" data-end=\"1440\">\n<p data-start=\"1406\" data-end=\"1440\"><strong data-start=\"1406\" data-end=\"1438\">Neli kiirus-\/l\u00f6\u00f6kide re\u017eiimi<\/strong><\/p>\n<\/li>\n<li data-start=\"1441\" data-end=\"1530\">\n<p data-start=\"1443\" data-end=\"1530\"><strong data-start=\"1443\" data-end=\"1467\">T\u00fchik\u00e4igup\u00f6\u00f6rete arv<\/strong>: ~ 0-3 200 \/ 2 600 \/ 1 800 \/ 1 000 p\/min re\u017eiimist s\u00f5ltuvalt<\/p>\n<\/li>\n<li data-start=\"1531\" data-end=\"1609\">\n<p data-start=\"1533\" data-end=\"1609\"><strong data-start=\"1533\" data-end=\"1562\">L\u00f6\u00f6kide arv minutis (IPM)<\/strong>: ~ 0-4 000 \/ 3 400 \/ 2 600 \/ 1 800 l\u00f6\u00f6ki\/min<\/p>\n<\/li>\n<li data-start=\"1610\" data-end=\"1642\">\n<p data-start=\"1612\" data-end=\"1642\"><strong data-start=\"1612\" data-end=\"1623\">M\u00f5\u00f5tmed<\/strong>: pikkus ~ 144 mm<\/p>\n<\/li>\n<li data-start=\"1643\" data-end=\"1679\">\n<p data-start=\"1645\" data-end=\"1679\"><strong data-start=\"1645\" data-end=\"1653\">Kaal<\/strong>: umbes 1,5-1,8 kg akuga<\/p>\n<\/li>\n<li data-start=\"1680\" data-end=\"1720\">\n<p data-start=\"1682\" data-end=\"1720\"><strong data-start=\"1682\" data-end=\"1704\">Kvadratiivne otsik<\/strong>: \u00bd\u2033 (12,7 mm)<\/p>\n<\/li>\n<li data-start=\"1721\" data-end=\"1756\">\n<p data-start=\"1723\" data-end=\"1756\"><strong data-start=\"1723\" data-end=\"1745\">Tavap\u00e4rased poltid<\/strong>: M10-M20<\/p>\n<\/li>\n<li data-start=\"1757\" data-end=\"1792\">\n<p data-start=\"1759\" data-end=\"1792\"><strong data-start=\"1759\" data-end=\"1781\">K\u00f5rgtugevad poltid<\/strong>: M10-M16<\/p>\n<\/li>\n<li data-start=\"1793\" data-end=\"2012\">\n<p data-start=\"1795\" data-end=\"2012\"><strong data-start=\"1795\" data-end=\"1815\">Lisafunktsioonid<\/strong>:<br data-start=\"1816\" data-end=\"1819\" \/>\u2022 LED-valgus t\u00f6\u00f6piirkonna valgustamiseks ja j\u00e4relvalgusega<br data-start=\"1879\" data-end=\"1882\" \/>\u2022 Automaatne seiskamine keeramisel<br data-start=\"1918\" data-end=\"1921\" \/>\u2022 Elektriline pidur<br data-start=\"1942\" data-end=\"1945\" \/>\u2022 XPT tolmu- ja veekindlus<br data-start=\"1973\" data-end=\"1976\" \/>\u2022 Esi\/taga p\u00f6\u00f6rlemissuuna l\u00fcliti<\/p>\n<\/li>\n<\/ul>\n","protected":false},"featured_media":12437,"comment_status":"closed","ping_status":"closed","template":"","meta":[],"product_brand":[],"product_cat":[803],"product_tag":[],"class_list":{"0":"post-12440","1":"product","2":"type-product","3":"status-publish","4":"has-post-thumbnail","6":"product_cat--et","7":"description-off","9":"first","10":"instock","11":"shipping-taxable","12":"purchasable","13":"product-type-simple"},"_links":{"self":[{"href":"https:\/\/adeslaenud.ee\/et\/wp-json\/wp\/v2\/product\/12440","targetHints":{"allow":["GET"]}}],"collection":[{"href":"https:\/\/adeslaenud.ee\/et\/wp-json\/wp\/v2\/product"}],"about":[{"href":"https:\/\/adeslaenud.ee\/et\/wp-json\/wp\/v2\/types\/product"}],"replies":[{"embeddable":true,"href":"https:\/\/adeslaenud.ee\/et\/wp-json\/wp\/v2\/comments?post=12440"}],"wp:featuredmedia":[{"embeddable":true,"href":"https:\/\/adeslaenud.ee\/et\/wp-json\/wp\/v2\/media\/12437"}],"wp:attachment":[{"href":"https:\/\/adeslaenud.ee\/et\/wp-json\/wp\/v2\/media?parent=12440"}],"wp:term":[{"taxonomy":"product_brand","embeddable":true,"href":"https:\/\/adeslaenud.ee\/et\/wp-json\/wp\/v2\/product_brand?post=12440"},{"taxonomy":"product_cat","embeddable":true,"href":"https:\/\/adeslaenud.ee\/et\/wp-json\/wp\/v2\/product_cat?post=12440"},{"taxonomy":"product_tag","embeddable":true,"href":"https:\/\/adeslaenud.ee\/et\/wp-json\/wp\/v2\/product_tag?post=12440"}],"curies":[{"name":"wp","href":"https:\/\/api.w.org\/{rel}","templated":true}]}}