{"id":12476,"date":"2025-09-26T03:54:28","date_gmt":"2025-09-26T00:54:28","guid":{"rendered":"https:\/\/adeslaenud.ee\/product\/akutoitega-traatvoti-ratsi-mutrikeeraja-makita-dwr180-%e2%84%9617\/"},"modified":"2025-09-26T03:54:28","modified_gmt":"2025-09-26T00:54:28","slug":"akutoitega-traatvoti-ratsi-mutrikeeraja-makita-dwr180-%e2%84%9617","status":"publish","type":"product","link":"https:\/\/adeslaenud.ee\/et\/toode\/akutoitega-traatvoti-ratsi-mutrikeeraja-makita-dwr180-%e2%84%9617\/","title":{"rendered":"Akutoitega traatv\u00f5ti-rat\u0161i mutrikeeraja Makita DWR180 | \u211617"},"content":{"rendered":"","protected":false},"excerpt":{"rendered":"<ul data-start=\"77\" data-end=\"949\">\n<li data-start=\"77\" data-end=\"150\">\n<p data-start=\"79\" data-end=\"150\"><strong data-start=\"79\" data-end=\"98\">\u0422\u0438\u043f \u0438\u043d\u0441\u0442\u0440\u0443\u043c\u0435\u043d\u0442\u0430<\/strong>: \u0430\u043a\u043a\u0443\u043c\u0443\u043b\u044f\u0442\u043e\u0440\u043d\u044b\u0439 \u0443\u0434\u0430\u0440\u043d\u044b\u0439 \u0432\u0438\u043d\u0442\u043e\u0432\u0435\u0440\u0442 (impact driver)<\/p>\n<\/li>\n<li data-start=\"151\" data-end=\"196\">\n<p data-start=\"153\" data-end=\"196\"><strong data-start=\"153\" data-end=\"167\">\u041d\u0430\u043f\u0440\u044f\u0436\u0435\u043d\u0438\u0435<\/strong>: 18 \u0412 (\u0441\u0438\u0441\u0442\u0435\u043c\u0430 Li-Ion LXT)<\/p>\n<\/li>\n<li data-start=\"197\" data-end=\"242\">\n<p data-start=\"199\" data-end=\"242\"><strong data-start=\"199\" data-end=\"231\">\u041c\u0430\u043a\u0441\u0438\u043c\u0430\u043b\u044c\u043d\u044b\u0439 \u043a\u0440\u0443\u0442\u044f\u0449\u0438\u0439 \u043c\u043e\u043c\u0435\u043d\u0442<\/strong>: 165 \u041d\u00b7\u043c<\/p>\n<\/li>\n<li data-start=\"243\" data-end=\"288\">\n<p data-start=\"245\" data-end=\"288\"><strong data-start=\"245\" data-end=\"270\">\u0421\u043a\u043e\u0440\u043e\u0441\u0442\u044c \u0431\u0435\u0437 \u043d\u0430\u0433\u0440\u0443\u0437\u043a\u0438<\/strong>: 0-2 900 \u043e\u0431\/\u043c\u0438\u043d<\/p>\n<\/li>\n<li data-start=\"289\" data-end=\"327\">\n<p data-start=\"291\" data-end=\"327\"><strong data-start=\"291\" data-end=\"309\">\u0427\u0430\u0441\u0442\u043e\u0442\u0430 \u0443\u0434\u0430\u0440\u043e\u0432<\/strong>: 0-3 500 \u0443\u0434\/\u043c\u0438\u043d<\/p>\n<\/li>\n<li data-start=\"328\" data-end=\"381\">\n<p data-start=\"330\" data-end=\"381\"><strong data-start=\"330\" data-end=\"352\">\u0425\u0432\u043e\u0441\u0442\u043e\u0432\u0438\u043a \/ \u043f\u0430\u0442\u0440\u043e\u043d<\/strong>: \u00bc\u2033 \u0448\u0435\u0441\u0442\u0438\u0433\u0440\u0430\u043d\u043d\u0438\u043a (6,35 \u043c\u043c)<\/p>\n<\/li>\n<li data-start=\"382\" data-end=\"493\">\n<p data-start=\"384\" data-end=\"493\"><strong data-start=\"384\" data-end=\"405\">\u0420\u0430\u0431\u043e\u0442\u0430 \u0441 \u043a\u0440\u0435\u043f\u0435\u0436\u043e\u043c<\/strong>:<br data-start=\"406\" data-end=\"409\" \/>\u2022 \u0412\u0438\u043d\u0442\u044b: M4-M8<br data-start=\"425\" data-end=\"428\" \/>\u2022 \u0411\u043e\u043b\u0442\u044b \u0441\u0442\u0430\u043d\u0434\u0430\u0440\u0442\u043d\u044b\u0435: M5-M16<br data-start=\"457\" data-end=\"460\" \/>\u2022 \u0411\u043e\u043b\u0442\u044b \u0432\u044b\u0441\u043e\u043a\u043e\u043f\u0440\u043e\u0447\u043d\u044b\u0435: M5-M12<\/p>\n<\/li>\n<li data-start=\"494\" data-end=\"536\">\n<p data-start=\"496\" data-end=\"536\"><strong data-start=\"496\" data-end=\"515\">\u0420\u0430\u0437\u043c\u0435\u0440\u044b (\u0414\u00d7\u0428\u00d7\u0412)<\/strong>: 137 \u00d7 79 \u00d7 238 \u043c\u043c<\/p>\n<\/li>\n<li data-start=\"537\" data-end=\"579\">\n<p data-start=\"539\" data-end=\"579\"><strong data-start=\"539\" data-end=\"546\">\u0412\u0435\u0441<\/strong>: ~1,3-1,6 \u043a\u0433 (\u0441 \u0430\u043a\u043a\u0443\u043c\u0443\u043b\u044f\u0442\u043e\u0440\u043e\u043c)<\/p>\n<\/li>\n<li data-start=\"580\" data-end=\"653\">\n<p data-start=\"582\" data-end=\"653\"><strong data-start=\"582\" data-end=\"598\">\u0423\u0440\u043e\u0432\u0435\u043d\u044c \u0448\u0443\u043c\u0430<\/strong>: \u0434\u0430\u0432\u043b\u0435\u043d\u0438\u0435 \u0437\u0432\u0443\u043a\u0430 ~93 \u0434\u0411(A), \u043c\u043e\u0449\u043d\u043e\u0441\u0442\u044c \u0437\u0432\u0443\u043a\u0430 ~104 \u0434\u0411(A)<\/p>\n<\/li>\n<li data-start=\"654\" data-end=\"706\">\n<p data-start=\"656\" data-end=\"706\"><strong data-start=\"656\" data-end=\"668\">\u0412\u0438\u0431\u0440\u0430\u0446\u0438\u044f<\/strong>: ~10,5 \u043c\/\u0441\u00b2 \u043f\u0440\u0438 \u0437\u0430\u043a\u0440\u0443\u0447\u0438\u0432\u0430\u043d\u0438\u0438 \u0431\u043e\u043b\u0442\u043e\u0432<\/p>\n<\/li>\n<li data-start=\"707\" data-end=\"949\">\n<p data-start=\"709\" data-end=\"949\"><strong data-start=\"709\" data-end=\"724\">\u041e\u0441\u043e\u0431\u0435\u043d\u043d\u043e\u0441\u0442\u0438<\/strong>:<br data-start=\"725\" data-end=\"728\" \/>\u2022 \u0414\u0432\u043e\u0439\u043d\u043e\u0439 LED-\u0441\u0432\u0435\u0442 (\u043f\u0440\u0435\u0434\u0441\u0432\u0435\u0442 \u0438 \u043f\u043e\u0441\u043b\u0435\u0441\u0432\u0435\u0442)<br data-start=\"771\" data-end=\"774\" \/>\u2022 \u042d\u043b\u0435\u043a\u0442\u0440\u043e\u043d\u043d\u044b\u0439 \u0442\u043e\u0440\u043c\u043e\u0437<br data-start=\"796\" data-end=\"799\" \/>\u2022 \u041f\u0435\u0440\u0435\u043a\u043b\u044e\u0447\u0435\u043d\u0438\u0435 \u0432\u043f\u0435\u0440\u0435\u0434\/\u043d\u0430\u0437\u0430\u0434<br data-start=\"828\" data-end=\"831\" \/>\u2022 \u041c\u044f\u0433\u043a\u0430\u044f \u0440\u0443\u043a\u043e\u044f\u0442\u043a\u0430<br data-start=\"850\" data-end=\"853\" \/>\u2022 \u0421\u0438\u0441\u0442\u0435\u043c\u0430 \u0437\u0430\u0449\u0438\u0442\u044b \u0430\u043a\u043a\u0443\u043c\u0443\u043b\u044f\u0442\u043e\u0440\u0430 (\u043e\u0442 \u043f\u0435\u0440\u0435\u0433\u0440\u0443\u0437\u043a\u0438, \u043f\u0435\u0440\u0435\u0433\u0440\u0435\u0432\u0430, \u043f\u0435\u0440\u0435\u0440\u0430\u0437\u0440\u044f\u0434\u0430)<br data-start=\"924\" data-end=\"927\" \/>\u2022 \u041a\u043b\u0438\u043f\u0441\u0430 \u0434\u043b\u044f \u0440\u0435\u043c\u043d\u044f<\/p>\n<\/li>\n<\/ul>\n<h3 data-start=\"956\" data-end=\"973\"><\/h3>\n<ul data-start=\"975\" data-end=\"1795\">\n<li data-start=\"975\" data-end=\"1026\">\n<p data-start=\"977\" data-end=\"1026\"><strong data-start=\"977\" data-end=\"995\">T\u00f6\u00f6riista t\u00fc\u00fcp<\/strong>: akutoitega l\u00f6\u00f6kmutrikeeraja<\/p>\n<\/li>\n<li data-start=\"1027\" data-end=\"1067\">\n<p data-start=\"1029\" data-end=\"1067\"><strong data-start=\"1029\" data-end=\"1038\">Pinge<\/strong>: 18 V (Li-Ion LXT s\u00fcsteem)<\/p>\n<\/li>\n<li data-start=\"1068\" data-end=\"1108\">\n<p data-start=\"1070\" data-end=\"1108\"><strong data-start=\"1070\" data-end=\"1098\">Maksimaalne p\u00f6\u00f6rdemoment<\/strong>: 165 Nm<\/p>\n<\/li>\n<li data-start=\"1109\" data-end=\"1152\">\n<p data-start=\"1111\" data-end=\"1152\"><strong data-start=\"1111\" data-end=\"1135\">T\u00fchik\u00e4igup\u00f6\u00f6rete arv<\/strong>: 0-2 900 p\/min<\/p>\n<\/li>\n<li data-start=\"1153\" data-end=\"1195\">\n<p data-start=\"1155\" data-end=\"1195\"><strong data-start=\"1155\" data-end=\"1174\">L\u00f6\u00f6kide sagedus<\/strong>: 0-3 500 l\u00f6\u00f6ki\/min<\/p>\n<\/li>\n<li data-start=\"1196\" data-end=\"1238\">\n<p data-start=\"1198\" data-end=\"1238\"><strong data-start=\"1198\" data-end=\"1213\">Otsiku t\u00fc\u00fcp<\/strong>: \u00bc\u2033 kuuskant (6,35 mm)<\/p>\n<\/li>\n<li data-start=\"1239\" data-end=\"1349\">\n<p data-start=\"1241\" data-end=\"1349\"><strong data-start=\"1241\" data-end=\"1262\">Kinnituse vahemik<\/strong>:<br data-start=\"1263\" data-end=\"1266\" \/>\u2022 Kruvid: M4-M8<br data-start=\"1283\" data-end=\"1286\" \/>\u2022 Tavalised poldid: M5-M16<br data-start=\"1314\" data-end=\"1317\" \/>\u2022 K\u00f5rgtugevad poldid: M5-M12<\/p>\n<\/li>\n<li data-start=\"1350\" data-end=\"1392\">\n<p data-start=\"1352\" data-end=\"1392\"><strong data-start=\"1352\" data-end=\"1371\">M\u00f5\u00f5tmed (P\u00d7L\u00d7K)<\/strong>: 137 \u00d7 79 \u00d7 238 mm<\/p>\n<\/li>\n<li data-start=\"1393\" data-end=\"1424\">\n<p data-start=\"1395\" data-end=\"1424\"><strong data-start=\"1395\" data-end=\"1403\">Kaal<\/strong>: ~1,3-1,6 kg akuga<\/p>\n<\/li>\n<li data-start=\"1425\" data-end=\"1486\">\n<p data-start=\"1427\" data-end=\"1486\"><strong data-start=\"1427\" data-end=\"1440\">M\u00fcra tase<\/strong>: helir\u00f5hk ~93 dB(A), heliv\u00f5imsus ~104 dB(A)<\/p>\n<\/li>\n<li data-start=\"1487\" data-end=\"1537\">\n<p data-start=\"1489\" data-end=\"1537\"><strong data-start=\"1489\" data-end=\"1504\">Vibratsioon<\/strong>: ~10,5 m\/s\u00b2 poltide keeramisel<\/p>\n<\/li>\n<li data-start=\"1538\" data-end=\"1795\">\n<p data-start=\"1540\" data-end=\"1795\"><strong data-start=\"1540\" data-end=\"1560\">Lisafunktsioonid<\/strong>:<br data-start=\"1561\" data-end=\"1564\" \/>\u2022 Kahe LED-valgustusega (enne ja p\u00e4rast p\u00e4\u00e4stiku vabastamist)<br data-start=\"1627\" data-end=\"1630\" \/>\u2022 Elektrooniline pidur<br data-start=\"1654\" data-end=\"1657\" \/>\u2022 Esi-\/tagasik\u00e4igu l\u00fcliti<br data-start=\"1684\" data-end=\"1687\" \/>\u2022 Pehme k\u00e4epide<br data-start=\"1704\" data-end=\"1707\" \/>\u2022 Aku kaitses\u00fcsteem (\u00fclekoormuse, kuumenemise ja t\u00fchjenemise vastu)<br data-start=\"1776\" data-end=\"1779\" \/>\u2022 V\u00f6\u00f6klamber<\/p>\n<\/li>\n<\/ul>\n","protected":false},"featured_media":12469,"comment_status":"closed","ping_status":"closed","template":"","meta":[],"product_brand":[],"product_cat":[803],"product_tag":[],"class_list":{"0":"post-12476","1":"product","2":"type-product","3":"status-publish","4":"has-post-thumbnail","6":"product_cat--et","7":"description-off","9":"first","10":"instock","11":"shipping-taxable","12":"purchasable","13":"product-type-simple"},"_links":{"self":[{"href":"https:\/\/adeslaenud.ee\/et\/wp-json\/wp\/v2\/product\/12476","targetHints":{"allow":["GET"]}}],"collection":[{"href":"https:\/\/adeslaenud.ee\/et\/wp-json\/wp\/v2\/product"}],"about":[{"href":"https:\/\/adeslaenud.ee\/et\/wp-json\/wp\/v2\/types\/product"}],"replies":[{"embeddable":true,"href":"https:\/\/adeslaenud.ee\/et\/wp-json\/wp\/v2\/comments?post=12476"}],"wp:featuredmedia":[{"embeddable":true,"href":"https:\/\/adeslaenud.ee\/et\/wp-json\/wp\/v2\/media\/12469"}],"wp:attachment":[{"href":"https:\/\/adeslaenud.ee\/et\/wp-json\/wp\/v2\/media?parent=12476"}],"wp:term":[{"taxonomy":"product_brand","embeddable":true,"href":"https:\/\/adeslaenud.ee\/et\/wp-json\/wp\/v2\/product_brand?post=12476"},{"taxonomy":"product_cat","embeddable":true,"href":"https:\/\/adeslaenud.ee\/et\/wp-json\/wp\/v2\/product_cat?post=12476"},{"taxonomy":"product_tag","embeddable":true,"href":"https:\/\/adeslaenud.ee\/et\/wp-json\/wp\/v2\/product_tag?post=12476"}],"curies":[{"name":"wp","href":"https:\/\/api.w.org\/{rel}","templated":true}]}}