{"id":12496,"date":"2025-09-26T04:02:18","date_gmt":"2025-09-26T01:02:18","guid":{"rendered":"https:\/\/adeslaenud.ee\/product\/akutoitega-loogikruvikeeraja-makita-dtd153-%e2%84%9625\/"},"modified":"2025-09-26T04:02:18","modified_gmt":"2025-09-26T01:02:18","slug":"akutoitega-loogikruvikeeraja-makita-dtd153-%e2%84%9625","status":"publish","type":"product","link":"https:\/\/adeslaenud.ee\/et\/toode\/akutoitega-loogikruvikeeraja-makita-dtd153-%e2%84%9625\/","title":{"rendered":"Akutoitega l\u00f6\u00f6gikruvikeeraja Makita DTD153 | \u211625"},"content":{"rendered":"","protected":false},"excerpt":{"rendered":"<ul data-start=\"146\" data-end=\"1050\">\n<li data-start=\"146\" data-end=\"218\">\n<p data-start=\"148\" data-end=\"218\"><strong data-start=\"148\" data-end=\"167\">\u0422\u0438\u043f \u0438\u043d\u0441\u0442\u0440\u0443\u043c\u0435\u043d\u0442\u0430<\/strong>: \u0430\u043a\u043a\u0443\u043c\u0443\u043b\u044f\u0442\u043e\u0440\u043d\u044b\u0439 \u0443\u0434\u0430\u0440\u043d\u044b\u0439 \u0448\u0443\u0440\u0443\u043f\u043e\u0432\u0451\u0440\u0442 (impact driver)<\/p>\n<\/li>\n<li data-start=\"219\" data-end=\"263\">\n<p data-start=\"221\" data-end=\"263\"><strong data-start=\"221\" data-end=\"248\">\u041d\u0430\u043f\u0440\u044f\u0436\u0435\u043d\u0438\u0435 \u0430\u043a\u043a\u0443\u043c\u0443\u043b\u044f\u0442\u043e\u0440\u0430<\/strong>: 18 \u0412 (Li-Ion)<\/p>\n<\/li>\n<li data-start=\"264\" data-end=\"412\">\n<p data-start=\"266\" data-end=\"319\"><strong data-start=\"266\" data-end=\"275\">\u041c\u043e\u0442\u043e\u0440<\/strong>: \u0431\u0435\u0441\u0449\u0451\u0442\u043e\u0447\u043d\u044b\u0439 (Brushless), \u0447\u0442\u043e \u043e\u0431\u0435\u0441\u043f\u0435\u0447\u0438\u0432\u0430\u0435\u0442:<\/p>\n<ul data-start=\"322\" data-end=\"412\">\n<li data-start=\"322\" data-end=\"345\">\n<p data-start=\"324\" data-end=\"345\">\u043c\u0435\u043d\u044c\u0448\u0438\u0439 \u0432\u0435\u0441 \u0438 \u0440\u0430\u0437\u043c\u0435\u0440\u044b<\/p>\n<\/li>\n<li data-start=\"348\" data-end=\"372\">\n<p data-start=\"350\" data-end=\"372\">\u0434\u043b\u0438\u0442\u0435\u043b\u044c\u043d\u044b\u0439 \u0441\u0440\u043e\u043a \u0441\u043b\u0443\u0436\u0431\u044b<\/p>\n<\/li>\n<li data-start=\"375\" data-end=\"412\">\n<p data-start=\"377\" data-end=\"412\">\u043f\u043e\u0432\u044b\u0448\u0435\u043d\u043d\u0443\u044e \u044d\u0444\u0444\u0435\u043a\u0442\u0438\u0432\u043d\u043e\u0441\u0442\u044c \u0438 \u043c\u043e\u0449\u043d\u043e\u0441\u0442\u044c<\/p>\n<\/li>\n<\/ul>\n<\/li>\n<li data-start=\"413\" data-end=\"456\">\n<p data-start=\"415\" data-end=\"456\"><strong data-start=\"415\" data-end=\"447\">\u041c\u0430\u043a\u0441\u0438\u043c\u0430\u043b\u044c\u043d\u044b\u0439 \u043a\u0440\u0443\u0442\u044f\u0449\u0438\u0439 \u043c\u043e\u043c\u0435\u043d\u0442<\/strong>: 170 \u041d\u00b7\u043c<\/p>\n<\/li>\n<li data-start=\"457\" data-end=\"500\">\n<p data-start=\"459\" data-end=\"500\"><strong data-start=\"459\" data-end=\"484\">\u0421\u043a\u043e\u0440\u043e\u0441\u0442\u044c \u0431\u0435\u0437 \u043d\u0430\u0433\u0440\u0443\u0437\u043a\u0438<\/strong>: \u0434\u043e 3400 \u043e\u0431\/\u043c\u0438\u043d<\/p>\n<\/li>\n<li data-start=\"501\" data-end=\"537\">\n<p data-start=\"503\" data-end=\"537\"><strong data-start=\"503\" data-end=\"521\">\u0427\u0430\u0441\u0442\u043e\u0442\u0430 \u0443\u0434\u0430\u0440\u043e\u0432<\/strong>: \u0434\u043e 3600 \u0443\u0434\/\u043c\u0438\u043d<\/p>\n<\/li>\n<li data-start=\"538\" data-end=\"586\">\n<p data-start=\"540\" data-end=\"586\"><strong data-start=\"540\" data-end=\"555\">\u0422\u0438\u043f \u043f\u0430\u0442\u0440\u043e\u043d\u0430<\/strong>: \u0431\u044b\u0441\u0442\u0440\u043e\u0437\u0430\u0436\u0438\u043c\u043d\u043e\u0439 1\/4&#8243; (6,35 \u043c\u043c)<\/p>\n<\/li>\n<li data-start=\"587\" data-end=\"620\">\n<p data-start=\"589\" data-end=\"620\"><strong data-start=\"589\" data-end=\"601\">\u0413\u0430\u0431\u0430\u0440\u0438\u0442\u044b<\/strong>: 126 \u00d7 79 \u00d7 238 \u043c\u043c<\/p>\n<\/li>\n<li data-start=\"621\" data-end=\"674\">\n<p data-start=\"623\" data-end=\"674\"><strong data-start=\"623\" data-end=\"630\">\u0412\u0435\u0441<\/strong>: 1,3\u20131,6 \u043a\u0433 (\u0432 \u0437\u0430\u0432\u0438\u0441\u0438\u043c\u043e\u0441\u0442\u0438 \u043e\u0442 \u043a\u043e\u043c\u043f\u043b\u0435\u043a\u0442\u0430\u0446\u0438\u0438)<\/p>\n<\/li>\n<li data-start=\"675\" data-end=\"1050\">\n<p data-start=\"677\" data-end=\"693\"><strong data-start=\"677\" data-end=\"692\">\u041e\u0441\u043e\u0431\u0435\u043d\u043d\u043e\u0441\u0442\u0438<\/strong>:<\/p>\n<ul data-start=\"696\" data-end=\"1050\">\n<li data-start=\"696\" data-end=\"747\">\n<p data-start=\"698\" data-end=\"747\">\u042d\u043b\u0435\u043a\u0442\u0440\u043e\u043d\u043d\u044b\u0439 \u0442\u043e\u0440\u043c\u043e\u0437 \u0434\u043b\u044f \u0431\u044b\u0441\u0442\u0440\u043e\u0439 \u043e\u0441\u0442\u0430\u043d\u043e\u0432\u043a\u0438 \u043e\u0441\u043d\u0430\u0441\u0442\u043a\u0438<\/p>\n<\/li>\n<li data-start=\"750\" data-end=\"822\">\n<p data-start=\"752\" data-end=\"822\">LED-\u043f\u043e\u0434\u0441\u0432\u0435\u0442\u043a\u0430 \u0440\u0430\u0431\u043e\u0447\u0435\u0439 \u0437\u043e\u043d\u044b \u0441 \u0444\u0443\u043d\u043a\u0446\u0438\u0435\u0439 \u043f\u0440\u0435\u0434\u0432\u0430\u0440\u0438\u0442\u0435\u043b\u044c\u043d\u043e\u0433\u043e \u0438 \u043f\u043e\u0441\u043b\u0435\u0441\u0432\u0435\u0447\u0435\u043d\u0438\u044f<\/p>\n<\/li>\n<li data-start=\"825\" data-end=\"876\">\n<p data-start=\"827\" data-end=\"876\">\u0420\u0435\u0437\u0438\u043d\u043e\u0432\u0430\u044f \u043d\u0430\u043a\u043b\u0430\u0434\u043a\u0430 \u043d\u0430 \u0440\u0443\u043a\u043e\u044f\u0442\u043a\u0435 \u0434\u043b\u044f \u0443\u0434\u043e\u0431\u043d\u043e\u0433\u043e \u0445\u0432\u0430\u0442\u0430<\/p>\n<\/li>\n<li data-start=\"879\" data-end=\"936\">\n<p data-start=\"881\" data-end=\"936\">\u0421\u0438\u0441\u0442\u0435\u043c\u0430 \u0437\u0430\u0449\u0438\u0442\u044b \u0430\u043a\u043a\u0443\u043c\u0443\u043b\u044f\u0442\u043e\u0440\u0430 \u043e\u0442 \u043f\u0435\u0440\u0435\u0433\u0440\u0443\u0437\u043a\u0438 \u0438 \u043f\u0435\u0440\u0435\u0440\u0430\u0437\u0440\u044f\u0434\u0430<\/p>\n<\/li>\n<li data-start=\"939\" data-end=\"990\">\n<p data-start=\"941\" data-end=\"990\">\u041f\u0435\u0440\u0435\u043a\u043b\u044e\u0447\u0430\u0442\u0435\u043b\u044c \u043d\u0430\u043f\u0440\u0430\u0432\u043b\u0435\u043d\u0438\u044f \u0432\u0440\u0430\u0449\u0435\u043d\u0438\u044f (\u0432\u043f\u0435\u0440\u0451\u0434\/\u043d\u0430\u0437\u0430\u0434)<\/p>\n<\/li>\n<li data-start=\"993\" data-end=\"1050\">\n<p data-start=\"995\" data-end=\"1050\">\u0420\u0435\u0432\u0435\u0440\u0441\u0438\u0432\u043d\u044b\u0439 \u0437\u0430\u0436\u0438\u043c \u0434\u043b\u044f \u043f\u043e\u0434\u0432\u0435\u0448\u0438\u0432\u0430\u043d\u0438\u044f \u0438\u043d\u0441\u0442\u0440\u0443\u043c\u0435\u043d\u0442\u0430 \u043d\u0430 \u043f\u043e\u044f\u0441\u0435<\/p>\n<\/li>\n<\/ul>\n<\/li>\n<\/ul>\n<h3 data-start=\"1057\" data-end=\"1077\"><\/h3>\n<ul data-start=\"1079\" data-end=\"1870\">\n<li data-start=\"1079\" data-end=\"1129\">\n<p data-start=\"1081\" data-end=\"1129\"><strong data-start=\"1081\" data-end=\"1099\">T\u00f6\u00f6riista t\u00fc\u00fcp<\/strong>: akutoitega l\u00f6\u00f6gikruvikeeraja<\/p>\n<\/li>\n<li data-start=\"1130\" data-end=\"1160\">\n<p data-start=\"1132\" data-end=\"1160\"><strong data-start=\"1132\" data-end=\"1145\">Aku pinge<\/strong>: 18 V (Li-Ion)<\/p>\n<\/li>\n<li data-start=\"1161\" data-end=\"1300\">\n<p data-start=\"1163\" data-end=\"1208\"><strong data-start=\"1163\" data-end=\"1173\">Mootor<\/strong>: harjadeta (Brushless), mis tagab:<\/p>\n<ul data-start=\"1211\" data-end=\"1300\">\n<li data-start=\"1211\" data-end=\"1246\">\n<p data-start=\"1213\" data-end=\"1246\">kergema kaalu ja v\u00e4iksemad m\u00f5\u00f5dud<\/p>\n<\/li>\n<li data-start=\"1249\" data-end=\"1263\">\n<p data-start=\"1251\" data-end=\"1263\">pikema t\u00f6\u00f6ea<\/p>\n<\/li>\n<li data-start=\"1266\" data-end=\"1300\">\n<p data-start=\"1268\" data-end=\"1300\">suurema efektiivsuse ja v\u00f5imsuse<\/p>\n<\/li>\n<\/ul>\n<\/li>\n<li data-start=\"1301\" data-end=\"1339\">\n<p data-start=\"1303\" data-end=\"1339\"><strong data-start=\"1303\" data-end=\"1331\">Maksimaalne p\u00f6\u00f6rdemoment<\/strong>: 170 Nm<\/p>\n<\/li>\n<li data-start=\"1340\" data-end=\"1379\">\n<p data-start=\"1342\" data-end=\"1379\"><strong data-start=\"1342\" data-end=\"1362\">T\u00fchik\u00e4igu kiirus<\/strong>: kuni 3400 p\/min<\/p>\n<\/li>\n<li data-start=\"1380\" data-end=\"1419\">\n<p data-start=\"1382\" data-end=\"1419\"><strong data-start=\"1382\" data-end=\"1398\">L\u00f6\u00f6gisagedus<\/strong>: kuni 3600 l\u00f6\u00f6ki\/min<\/p>\n<\/li>\n<li data-start=\"1420\" data-end=\"1472\">\n<p data-start=\"1422\" data-end=\"1472\"><strong data-start=\"1422\" data-end=\"1438\">Patendi t\u00fc\u00fcp<\/strong>: kiirelt vahetatav 1\/4&#8243; (6,35 mm)<\/p>\n<\/li>\n<li data-start=\"1473\" data-end=\"1505\">\n<p data-start=\"1475\" data-end=\"1505\"><strong data-start=\"1475\" data-end=\"1486\">M\u00f5\u00f5tmed<\/strong>: 126 \u00d7 79 \u00d7 238 mm<\/p>\n<\/li>\n<li data-start=\"1506\" data-end=\"1546\">\n<p data-start=\"1508\" data-end=\"1546\"><strong data-start=\"1508\" data-end=\"1516\">Kaal<\/strong>: 1,3\u20131,6 kg (komplekti j\u00e4rgi)<\/p>\n<\/li>\n<li data-start=\"1547\" data-end=\"1870\">\n<p data-start=\"1549\" data-end=\"1562\"><strong data-start=\"1549\" data-end=\"1561\">Omadused<\/strong>:<\/p>\n<ul data-start=\"1565\" data-end=\"1870\">\n<li data-start=\"1565\" data-end=\"1614\">\n<p data-start=\"1567\" data-end=\"1614\">Elektriline pidur kiireks t\u00f6\u00f6riista peatamiseks<\/p>\n<\/li>\n<li data-start=\"1617\" data-end=\"1677\">\n<p data-start=\"1619\" data-end=\"1677\">LED-t\u00f6\u00f6valgustus eelseente ja p\u00e4rastseente funktsioonidega<\/p>\n<\/li>\n<li data-start=\"1680\" data-end=\"1715\">\n<p data-start=\"1682\" data-end=\"1715\">Kummist k\u00e4epide mugavaks haardeks<\/p>\n<\/li>\n<li data-start=\"1718\" data-end=\"1776\">\n<p data-start=\"1720\" data-end=\"1776\">Aku kaitses\u00fcsteem \u00fclekoormuse ja t\u00fchjenemise v\u00e4ltimiseks<\/p>\n<\/li>\n<li data-start=\"1779\" data-end=\"1816\">\n<p data-start=\"1781\" data-end=\"1816\">P\u00f6\u00f6rlemissuuna l\u00fcliti (sisse\/v\u00e4lja)<\/p>\n<\/li>\n<li data-start=\"1819\" data-end=\"1870\">\n<p data-start=\"1821\" data-end=\"1870\">Tagasiulatuv klamber t\u00f6\u00f6riista v\u00f6\u00f6le riputamiseks<\/p>\n<\/li>\n<\/ul>\n<\/li>\n<\/ul>\n","protected":false},"featured_media":12495,"comment_status":"closed","ping_status":"closed","template":"","meta":[],"product_brand":[],"product_cat":[803],"product_tag":[],"class_list":{"0":"post-12496","1":"product","2":"type-product","3":"status-publish","4":"has-post-thumbnail","6":"product_cat--et","7":"description-off","9":"first","10":"instock","11":"shipping-taxable","12":"purchasable","13":"product-type-simple"},"_links":{"self":[{"href":"https:\/\/adeslaenud.ee\/et\/wp-json\/wp\/v2\/product\/12496","targetHints":{"allow":["GET"]}}],"collection":[{"href":"https:\/\/adeslaenud.ee\/et\/wp-json\/wp\/v2\/product"}],"about":[{"href":"https:\/\/adeslaenud.ee\/et\/wp-json\/wp\/v2\/types\/product"}],"replies":[{"embeddable":true,"href":"https:\/\/adeslaenud.ee\/et\/wp-json\/wp\/v2\/comments?post=12496"}],"wp:featuredmedia":[{"embeddable":true,"href":"https:\/\/adeslaenud.ee\/et\/wp-json\/wp\/v2\/media\/12495"}],"wp:attachment":[{"href":"https:\/\/adeslaenud.ee\/et\/wp-json\/wp\/v2\/media?parent=12496"}],"wp:term":[{"taxonomy":"product_brand","embeddable":true,"href":"https:\/\/adeslaenud.ee\/et\/wp-json\/wp\/v2\/product_brand?post=12496"},{"taxonomy":"product_cat","embeddable":true,"href":"https:\/\/adeslaenud.ee\/et\/wp-json\/wp\/v2\/product_cat?post=12496"},{"taxonomy":"product_tag","embeddable":true,"href":"https:\/\/adeslaenud.ee\/et\/wp-json\/wp\/v2\/product_tag?post=12496"}],"curies":[{"name":"wp","href":"https:\/\/api.w.org\/{rel}","templated":true}]}}