{"id":12504,"date":"2025-09-26T04:06:28","date_gmt":"2025-09-26T01:06:28","guid":{"rendered":"https:\/\/adeslaenud.ee\/product\/raadiosaatjad-albrecht-tectalk-worker-3-%e2%84%9626\/"},"modified":"2025-09-26T04:06:28","modified_gmt":"2025-09-26T01:06:28","slug":"raadiosaatjad-albrecht-tectalk-worker-3-%e2%84%9626","status":"publish","type":"product","link":"https:\/\/adeslaenud.ee\/et\/toode\/raadiosaatjad-albrecht-tectalk-worker-3-%e2%84%9626\/","title":{"rendered":"Raadiosaatjad Albrecht Tectalk Worker 3 | \u211626"},"content":{"rendered":"","protected":false},"excerpt":{"rendered":"<ul data-start=\"158\" data-end=\"935\">\n<li data-start=\"158\" data-end=\"201\">\n<p data-start=\"160\" data-end=\"201\"><strong data-start=\"160\" data-end=\"178\">\u0422\u0438\u043f \u0443\u0441\u0442\u0440\u043e\u0439\u0441\u0442\u0432\u0430<\/strong>: \u0440\u0430\u0434\u0438\u043e\u0441\u0442\u0430\u043d\u0446\u0438\u044f PMR446<\/p>\n<\/li>\n<li data-start=\"202\" data-end=\"266\">\n<p data-start=\"204\" data-end=\"266\"><strong data-start=\"204\" data-end=\"226\">\u0427\u0430\u0441\u0442\u043e\u0442\u043d\u044b\u0439 \u0434\u0438\u0430\u043f\u0430\u0437\u043e\u043d<\/strong>: 16 \u043a\u0430\u043d\u0430\u043b\u043e\u0432 (8 + 8 \u043f\u0440\u0435\u0434\u0443\u0441\u0442\u0430\u043d\u043e\u0432\u043b\u0435\u043d\u043d\u044b\u0445)<\/p>\n<\/li>\n<li data-start=\"267\" data-end=\"305\">\n<p data-start=\"269\" data-end=\"305\"><strong data-start=\"269\" data-end=\"290\">\u041c\u043e\u0449\u043d\u043e\u0441\u0442\u044c \u043f\u0435\u0440\u0435\u0434\u0430\u0447\u0438<\/strong>: 500 \u043c\u0412\u0442 ERP<\/p>\n<\/li>\n<li data-start=\"306\" data-end=\"368\">\n<p data-start=\"308\" data-end=\"368\"><strong data-start=\"308\" data-end=\"327\">\u0414\u0430\u043b\u044c\u043d\u043e\u0441\u0442\u044c \u0441\u0432\u044f\u0437\u0438<\/strong>: \u0434\u043e 10 \u043a\u043c (\u0432 \u0437\u0430\u0432\u0438\u0441\u0438\u043c\u043e\u0441\u0442\u0438 \u043e\u0442 \u043c\u0435\u0441\u0442\u043d\u043e\u0441\u0442\u0438)<\/p>\n<\/li>\n<li data-start=\"369\" data-end=\"415\">\n<p data-start=\"371\" data-end=\"415\"><strong data-start=\"371\" data-end=\"386\">\u0410\u043a\u043a\u0443\u043c\u0443\u043b\u044f\u0442\u043e\u0440<\/strong>: Li-Ion 2200 \u043c\u0410\u00b7\u0447, \u0441\u044a\u0451\u043c\u043d\u044b\u0439<\/p>\n<\/li>\n<li data-start=\"416\" data-end=\"452\">\n<p data-start=\"418\" data-end=\"452\"><strong data-start=\"418\" data-end=\"434\">\u0412\u0440\u0435\u043c\u044f \u0440\u0430\u0431\u043e\u0442\u044b<\/strong>: \u043e\u043a\u043e\u043b\u043e 14 \u0447\u0430\u0441\u043e\u0432<\/p>\n<\/li>\n<li data-start=\"453\" data-end=\"510\">\n<p data-start=\"455\" data-end=\"510\"><strong data-start=\"455\" data-end=\"466\">\u0417\u0430\u0440\u044f\u0434\u043a\u0430<\/strong>: USB-C \u0438\u043b\u0438 \u043d\u0430\u0441\u0442\u043e\u043b\u044c\u043d\u043e\u0435 \u0437\u0430\u0440\u044f\u0434\u043d\u043e\u0435 \u0443\u0441\u0442\u0440\u043e\u0439\u0441\u0442\u0432\u043e<\/p>\n<\/li>\n<li data-start=\"511\" data-end=\"555\">\n<p data-start=\"513\" data-end=\"555\"><strong data-start=\"513\" data-end=\"538\">\u041f\u043e\u0434\u043a\u043b\u044e\u0447\u0435\u043d\u0438\u0435 \u0433\u0430\u0440\u043d\u0438\u0442\u0443\u0440\u044b<\/strong>: Kenwood 2-pin<\/p>\n<\/li>\n<li data-start=\"556\" data-end=\"590\">\n<p data-start=\"558\" data-end=\"590\"><strong data-start=\"558\" data-end=\"570\">\u0413\u0430\u0431\u0430\u0440\u0438\u0442\u044b<\/strong>: 110 \u00d7 55 \u00d7 38 \u043c\u043c<\/p>\n<\/li>\n<li data-start=\"591\" data-end=\"628\">\n<p data-start=\"593\" data-end=\"628\"><strong data-start=\"593\" data-end=\"600\">\u0412\u0435\u0441<\/strong>: 174 \u0433 (\u0431\u0435\u0437 \u0430\u043a\u043a\u0443\u043c\u0443\u043b\u044f\u0442\u043e\u0440\u0430)<\/p>\n<\/li>\n<li data-start=\"629\" data-end=\"678\">\n<p data-start=\"631\" data-end=\"678\"><strong data-start=\"631\" data-end=\"659\">\u0422\u0435\u043c\u043f\u0435\u0440\u0430\u0442\u0443\u0440\u0430 \u044d\u043a\u0441\u043f\u043b\u0443\u0430\u0442\u0430\u0446\u0438\u0438<\/strong>: \u221220\u202f\u00b0C \u2026 +50\u202f\u00b0C<\/p>\n<\/li>\n<li data-start=\"679\" data-end=\"935\">\n<p data-start=\"681\" data-end=\"935\"><strong data-start=\"681\" data-end=\"692\">\u0424\u0443\u043d\u043a\u0446\u0438\u0438<\/strong>:<br data-start=\"693\" data-end=\"696\" \/>\u2022 PTT \u0438 \u0433\u043e\u043b\u043e\u0441\u043e\u0432\u0430\u044f \u0430\u043a\u0442\u0438\u0432\u0430\u0446\u0438\u044f (VOX)<br data-start=\"731\" data-end=\"734\" \/>\u2022 \u0421\u043a\u0430\u043d\u0438\u0440\u043e\u0432\u0430\u043d\u0438\u0435 \u043a\u0430\u043d\u0430\u043b\u043e\u0432 (SCAN)<br data-start=\"765\" data-end=\"768\" \/>\u2022 \u0422\u0430\u0439\u043c\u0435\u0440 Time-Out<br data-start=\"787\" data-end=\"790\" \/>\u2022 \u042d\u043d\u0435\u0440\u0433\u043e\u0441\u0431\u0435\u0440\u0435\u0433\u0430\u044e\u0449\u0438\u0439 \u0440\u0435\u0436\u0438\u043c<br data-start=\"817\" data-end=\"820\" \/>\u2022 \u0413\u043e\u043b\u043e\u0441\u043e\u0432\u044b\u0435 \u043f\u043e\u0434\u0441\u043a\u0430\u0437\u043a\u0438<br data-start=\"843\" data-end=\"846\" \/>\u2022 \u041f\u043e\u0434\u0430\u0432\u043b\u0435\u043d\u0438\u0435 \u0448\u0443\u043c\u0430 (Squelch)<br data-start=\"875\" data-end=\"878\" \/>\u2022 \u0420\u0435\u0436\u0438\u043c hands-free (VOX)<br data-start=\"904\" data-end=\"907\" \/>\u2022 \u0410\u0432\u0442\u043e\u043e\u0442\u043a\u043b\u044e\u0447\u0435\u043d\u0438\u0435 \u043f\u0438\u0442\u0430\u043d\u0438\u044f<\/p>\n<\/li>\n<\/ul>\n<h3 data-start=\"942\" data-end=\"962\"><\/h3>\n<ul data-start=\"964\" data-end=\"1690\">\n<li data-start=\"964\" data-end=\"1008\">\n<p data-start=\"966\" data-end=\"1008\"><strong data-start=\"966\" data-end=\"981\">Seadme t\u00fc\u00fcp<\/strong>: PMR446 raadioside seade<\/p>\n<\/li>\n<li data-start=\"1009\" data-end=\"1066\">\n<p data-start=\"1011\" data-end=\"1066\"><strong data-start=\"1011\" data-end=\"1029\">Sagedusvahemik<\/strong>: 16 kanalit (8 + 8 eelseadistatud)<\/p>\n<\/li>\n<li data-start=\"1067\" data-end=\"1101\">\n<p data-start=\"1069\" data-end=\"1101\"><strong data-start=\"1069\" data-end=\"1087\">Edastustugevus<\/strong>: 500 mW ERP<\/p>\n<\/li>\n<li data-start=\"1102\" data-end=\"1155\">\n<p data-start=\"1104\" data-end=\"1155\"><strong data-start=\"1104\" data-end=\"1118\">Sideulatus<\/strong>: kuni 10 km (olenevalt maastikust)<\/p>\n<\/li>\n<li data-start=\"1156\" data-end=\"1196\">\n<p data-start=\"1158\" data-end=\"1196\"><strong data-start=\"1158\" data-end=\"1165\">Aku<\/strong>: Li-Ion 2200 mAh, eemaldatav<\/p>\n<\/li>\n<li data-start=\"1197\" data-end=\"1227\">\n<p data-start=\"1199\" data-end=\"1227\"><strong data-start=\"1199\" data-end=\"1209\">T\u00f6\u00f6aeg<\/strong>: umbes 14 tundi<\/p>\n<\/li>\n<li data-start=\"1228\" data-end=\"1268\">\n<p data-start=\"1230\" data-end=\"1268\"><strong data-start=\"1230\" data-end=\"1243\">Laadimine<\/strong>: USB-C v\u00f5i laualaadija<\/p>\n<\/li>\n<li data-start=\"1269\" data-end=\"1313\">\n<p data-start=\"1271\" data-end=\"1313\"><strong data-start=\"1271\" data-end=\"1296\">K\u00f5rvaklappide \u00fchendus<\/strong>: Kenwood 2-pin<\/p>\n<\/li>\n<li data-start=\"1314\" data-end=\"1347\">\n<p data-start=\"1316\" data-end=\"1347\"><strong data-start=\"1316\" data-end=\"1327\">M\u00f5\u00f5tmed<\/strong>: 110 \u00d7 55 \u00d7 38 mm<\/p>\n<\/li>\n<li data-start=\"1348\" data-end=\"1380\">\n<p data-start=\"1350\" data-end=\"1380\"><strong data-start=\"1350\" data-end=\"1358\">Kaal<\/strong>: 174 g (ilma akuta)<\/p>\n<\/li>\n<li data-start=\"1381\" data-end=\"1420\">\n<p data-start=\"1383\" data-end=\"1420\"><strong data-start=\"1383\" data-end=\"1401\">T\u00f6\u00f6temperatuur<\/strong>: \u221220\u202f\u00b0C \u2026 +50\u202f\u00b0C<\/p>\n<\/li>\n<li data-start=\"1421\" data-end=\"1690\">\n<p data-start=\"1423\" data-end=\"1690\"><strong data-start=\"1423\" data-end=\"1439\">Funktsioonid<\/strong>:<br data-start=\"1440\" data-end=\"1443\" \/>\u2022 PTT ja h\u00e4\u00e4lega aktiveerimine (VOX)<br data-start=\"1481\" data-end=\"1484\" \/>\u2022 Kanalite skaneerimine (SCAN)<br data-start=\"1516\" data-end=\"1519\" \/>\u2022 Time-Out taimer<br data-start=\"1538\" data-end=\"1541\" \/>\u2022 Energiat s\u00e4\u00e4stev re\u017eiim<br data-start=\"1568\" data-end=\"1571\" \/>\u2022 H\u00e4\u00e4lep\u00f5hised juhised<br data-start=\"1595\" data-end=\"1598\" \/>\u2022 M\u00fcra summutamine (Squelch)<br data-start=\"1628\" data-end=\"1631\" \/>\u2022 K\u00e4ed-vabad re\u017eiim (VOX)<br data-start=\"1658\" data-end=\"1661\" \/>\u2022 Automaatne v\u00e4ljal\u00fclitus<\/p>\n<\/li>\n<\/ul>\n","protected":false},"featured_media":12499,"comment_status":"closed","ping_status":"closed","template":"","meta":[],"product_brand":[],"product_cat":[803],"product_tag":[],"class_list":{"0":"post-12504","1":"product","2":"type-product","3":"status-publish","4":"has-post-thumbnail","6":"product_cat--et","7":"description-off","9":"first","10":"instock","11":"shipping-taxable","12":"purchasable","13":"product-type-simple"},"_links":{"self":[{"href":"https:\/\/adeslaenud.ee\/et\/wp-json\/wp\/v2\/product\/12504","targetHints":{"allow":["GET"]}}],"collection":[{"href":"https:\/\/adeslaenud.ee\/et\/wp-json\/wp\/v2\/product"}],"about":[{"href":"https:\/\/adeslaenud.ee\/et\/wp-json\/wp\/v2\/types\/product"}],"replies":[{"embeddable":true,"href":"https:\/\/adeslaenud.ee\/et\/wp-json\/wp\/v2\/comments?post=12504"}],"wp:featuredmedia":[{"embeddable":true,"href":"https:\/\/adeslaenud.ee\/et\/wp-json\/wp\/v2\/media\/12499"}],"wp:attachment":[{"href":"https:\/\/adeslaenud.ee\/et\/wp-json\/wp\/v2\/media?parent=12504"}],"wp:term":[{"taxonomy":"product_brand","embeddable":true,"href":"https:\/\/adeslaenud.ee\/et\/wp-json\/wp\/v2\/product_brand?post=12504"},{"taxonomy":"product_cat","embeddable":true,"href":"https:\/\/adeslaenud.ee\/et\/wp-json\/wp\/v2\/product_cat?post=12504"},{"taxonomy":"product_tag","embeddable":true,"href":"https:\/\/adeslaenud.ee\/et\/wp-json\/wp\/v2\/product_tag?post=12504"}],"curies":[{"name":"wp","href":"https:\/\/api.w.org\/{rel}","templated":true}]}}